{"id":852,"date":"2025-10-14T06:38:41","date_gmt":"2025-10-14T06:38:41","guid":{"rendered":"https:\/\/hidalgosattel.wizardswp.com\/?page_id=852"},"modified":"2026-03-31T12:27:47","modified_gmt":"2026-03-31T12:27:47","slug":"data-protection","status":"publish","type":"page","link":"https:\/\/www.hidalgo-sattel.at\/it\/data-protection\/","title":{"rendered":"Protezione dei dati"},"content":{"rendered":"<ul>\n<li>Casa<\/li>\n<li><\/li>\n<\/ul>\n<p data-start=\"0\" data-end=\"19\"><strong>Contenuto e design:<\/strong><\/p>\n<p data-start=\"21\" data-end=\"519\">Hidalgo Sella non si assume alcuna responsabilit\u00e0 o garanzia per le informazioni fornite su questo sito. Tutti i testi e i disegni grafici pubblicati su questo sito sono protetti da copyright. Qualsiasi riproduzione o la pubblicazione di testi e disegni grafici disponibili su questo sito non \u00e8 consentito, senza previa consultazione con Hidalgo Sella. Hidalgo Sella non rivedere il contenuto o la validit\u00e0 legale di eventuali siti web collegati e non si assume alcuna responsabilit\u00e0 per gli illeciti di dichiarazioni o di contenuto.<\/p>\n<p data-start=\"521\" data-end=\"535\"><strong>Informativa sulla privacy<\/strong><\/p>\n<p data-start=\"537\" data-end=\"786\">Questo sito web \u00e8 gestito da Hidalgo Sattel, Galvanistr. 18, 4040 Linz, Alta Austria, di seguito denominata \"noi\" e \"Hidalgo\". La presente informativa sulla privacy descrive quali dati raccogliamo durante la tua visita a questo sito web e per quale scopo li utilizziamo.<\/p>\n<p data-start=\"788\" data-end=\"911\">Vi preghiamo pertanto di leggere attentamente la seguente informativa sulla privacy prima di accettarla e continuare a utilizzare il sito web.<\/p>\n<p data-start=\"913\" data-end=\"941\">Ambito di applicazione della presente informativa sulla privacy<\/p>\n<p data-start=\"943\" data-end=\"1114\">La presente informativa sulla privacy informa l'utente di questo sito web sul tipo, l'entit\u00e0 e lo scopo della raccolta e dell'utilizzo dei dati personali, come i cookie, su questo sito web.<\/p>\n<p data-start=\"714\" data-end=\"741\"><strong data-start=\"714\" data-end=\"739\">Shipping and Delivery<\/strong><\/p>\n<p data-start=\"748\" data-end=\"915\">To fulfill your order, we share your personal data (such as your name and delivery address) with the shipping service provider responsible for delivering your order.<\/p>\n<p data-start=\"922\" data-end=\"1081\">For this purpose, we use <span class=\"hover:entity-accent entity-underline inline cursor-pointer align-baseline\"><span class=\"whitespace-normal\">DHL<\/span><\/span>. Your data will be transferred solely for the purpose of order delivery and shipment tracking.<\/p>\n<p data-start=\"1187\" data-end=\"1288\">Where applicable, the shipping provider may contact you via email or SMS or WhatsApp to provide delivery updates.<\/p>\n<p data-start=\"1116\" data-end=\"1133\"><strong>Cosa sono i cookie?<\/strong><\/p>\n<p data-start=\"1135\" data-end=\"1849\">Un \"cookie\" \u00e8 una sequenza di caratteri di testo trasmessa da un server web al file cookie del tuo browser sul disco rigido del tuo computer. Ci\u00f2 consente al sito web di riconoscerti quando viene stabilita una (nuova) connessione tra il server web e il tuo browser. Lo scopo principale di un cookie \u00e8 quindi identificare i visitatori del sito web e valutare analiticamente dati non personali per ottenere informazioni sull'ora, la posizione e l'utilizzo del nostro sito web. Utilizziamo sia \"cookie di sessione\", che vengono memorizzati solo temporaneamente fino a quando non lasci il sito web, sia \"cookie persistenti o di tracciamento\", che rimangono nel file cookie del tuo browser per un periodo di tempo pi\u00f9 lungo per trasmettere informazioni al server quando ritorni sul sito web.<\/p>\n<p data-start=\"1851\" data-end=\"1901\">Quali cookie e dati vengono memorizzati su questo sito web?<\/p>\n<p data-start=\"1903\" data-end=\"2012\">Questo sito web memorizza \"cookie proprietari\" per misurare e ottimizzare il comportamento degli utenti in base a dati (non) personali.<\/p>\n<p data-start=\"2014\" data-end=\"2178\">a. Lo strumento utilizzato a tale scopo \u00e8 \u201cGoogle Analytics\u201d. Nello specifico, nella configurazione predefinita vengono utilizzati i seguenti cookie di analisi, che vengono conservati per 30 giorni:<\/p>\n<p data-start=\"2180\" data-end=\"2194\">\u2022 _ga<br data-start=\"2185\" data-end=\"2188\" \/>\u2022 _gat<\/p>\n<p data-start=\"2196\" data-end=\"2453\">Questi cookie sono impostati da Google Analytics e ci consentono di monitorare l'utilizzo di questo sito web e migliorare l'esperienza dell'utente. Raccolgono dati anonimi come il numero di visitatori, l'ultimo sito web visitato da un utente e le pagine a cui ha avuto accesso su questo sito web.<\/p>\n<p data-start=\"2455\" data-end=\"2525\">b. Per tutta la durata della visita viene inoltre memorizzato il seguente cookie:<\/p>\n<p data-start=\"2527\" data-end=\"2538\">\u2022 phpsessid<\/p>\n<p data-start=\"2540\" data-end=\"2678\">Questo cookie identifica l'ID della sessione corrente sul server web. Viene creato quando si accede al sito web e viene eliminato quando lo si abbandona.<\/p>\n<p data-start=\"2680\" data-end=\"2706\">Utilizzo e divulgazione dei dati<\/p>\n<p data-start=\"2708\" data-end=\"2948\">a. I tuoi dati saranno condivisi con terze parti solo quando necessario per adempiere a un ordine giudiziario o governativo, o quando ne farai esplicita richiesta. In caso contrario, i tuoi dati, in particolare per finalit\u00e0 di marketing, non saranno condivisi con terze parti.<\/p>\n<p data-start=\"2950\" data-end=\"3135\">b. I tuoi dati saranno conservati per tutto il tempo necessario all'adempimento degli obblighi contrattuali o all'adempimento dei requisiti legali, salvo quanto diversamente specificato altrove nella presente informativa sulla privacy.<\/p>\n<p data-start=\"3137\" data-end=\"3481\">c. I dati personali che fornisci sul sito web vengono utilizzati per migliorare la tua esperienza durante la visita e per la risoluzione di problemi. Inoltre, i tuoi dati vengono analizzati tramite Google Analytics per valutare il comportamento degli utenti. I tuoi dati non saranno utilizzati per finalit\u00e0 di contatto o marketing. A tal fine \u00e8 richiesto un consenso separato, ad esempio durante l'iscrizione alla newsletter.<\/p>\n<p data-start=\"3483\" data-end=\"4156\">d. Google Analytics \u00e8 un servizio di analisi web fornito da Google Inc., 1600 Amphitheatre Parkway, Mountain View, CA 94043, USA. Questo servizio utilizza i cookie (vedi sopra). Le informazioni generate dai cookie sull'utilizzo di questo sito web vengono solitamente trasmesse a un server di Google negli Stati Uniti e l\u00ec memorizzate. Se su questo sito web \u00e8 attivata l'anonimizzazione IP, il tuo indirizzo IP verr\u00e0 preventivamente abbreviato da Google all'interno degli Stati membri dell'Unione Europea o di altri Paesi firmatari dell'Accordo sullo Spazio Economico Europeo. Solo in casi eccezionali l'indirizzo IP completo verr\u00e0 trasmesso a un server di Google negli Stati Uniti o in un altro Paese terzo e l\u00ec abbreviato.<\/p>\n<p data-start=\"4158\" data-end=\"4810\">Google utilizza queste informazioni, per nostro conto, per valutare il tuo utilizzo del sito web, compilare report sulle attivit\u00e0 del sito web e fornire altri servizi relativi all'utilizzo del sito web e di Internet al gestore del sito web. L'indirizzo IP trasmesso dal tuo browser nell'ambito di Google Analytics non verr\u00e0 unito ad altri dati di Google. Puoi impedire la memorizzazione di questi cookie modificando le impostazioni del tuo browser, ma ci\u00f2 potrebbe limitare alcune funzionalit\u00e0 del sito web. Puoi inoltre impedire la raccolta dei dati generati dal cookie (incluso il tuo indirizzo IP) e la loro elaborazione da parte di Google scaricando e installando il plug-in del browser disponibile al seguente link:<\/p>\n<p data-start=\"4812\" data-end=\"4857\"><a href=\"http:\/\/tools.google.com\/dlpage\/gaoptout?hl=de\" target=\"_new\" rel=\"noopener\" data-start=\"4812\" data-end=\"4857\">http:\/\/tools.google.com\/dlpage\/gaoptout?hl=de<\/a><\/p>\n<p data-start=\"4859\" data-end=\"4992\">Per ulteriori informazioni sul tipo, l'ambito e lo scopo dei dati raccolti da Google, consultare l'informativa sulla privacy di Google.<\/p>\n<p data-start=\"4994\" data-end=\"5023\">Consenso al contatto elettronico<\/p>\n<p data-start=\"5025\" data-end=\"5187\">Accettando la presente informativa sulla privacy, ci autorizzi a contattarti elettronicamente all'indirizzo e-mail da te fornito per informarti sulle nostre attivit\u00e0.<\/p>\n<p data-start=\"5189\" data-end=\"5229\">Link ad altri siti web e social media<\/p>\n<p data-start=\"5231\" data-end=\"5558\">a. Questo sito web contiene link ad altri siti web a solo scopo informativo. Questi siti web non sono sotto il nostro controllo e non sono coperti dalla presente informativa sulla privacy. Se attivi un link, il gestore di quel sito potrebbe raccogliere dati su di te e utilizzarli in conformit\u00e0 con la propria informativa sulla privacy, che potrebbe differire dalla nostra.<\/p>\n<p data-start=\"5560\" data-end=\"5645\">b. Questo sito web consente anche l'interazione con diversi social network tramite plugin.<\/p>\n<p data-start=\"5647\" data-end=\"5661\">Tra questi:<\/p>\n<p data-start=\"5663\" data-end=\"5769\">\u2022 Facebook, gestito da Facebook Ireland Ltd, 4 Grand Canal Square, Grand Canal Harbour, Dublino 2, Irlanda<\/p>\n<p data-start=\"5771\" data-end=\"6141\">Quando clicchi su un plugin di uno di questi social network, questo si attiva e viene stabilita una connessione al server di quel social network. Non abbiamo alcun controllo sulla quantit\u00e0 o sul contenuto dei dati trasmessi cliccando sul plugin. Per informazioni sul tipo, l'ambito e lo scopo dei dati raccolti da questi social network, consulta le rispettive informative sulla privacy.<\/p>\n<p data-start=\"6143\" data-end=\"6154\">Diritti utente<\/p>\n<p data-start=\"6156\" data-end=\"6457\">Hai il diritto di richiedere al titolare del trattamento informazioni sui tuoi dati personali, nonch\u00e9 il diritto di rettifica, cancellazione, limitazione del trattamento, opposizione e portabilit\u00e0 dei dati. Hai inoltre il diritto di proporre reclamo all'Autorit\u00e0 Garante per la Protezione dei Dati Personali (<a href=\"https:\/\/www.dsb.gv.at\" target=\"_new\" rel=\"noopener\" data-start=\"6434\" data-end=\"6455\">https:\/\/www.dsb.gv.at<\/a>).<\/p>\n<p data-start=\"6459\" data-end=\"6482\">Le informazioni e il contatto<\/p>\n<p data-start=\"6484\" data-end=\"6703\">Se desideri informazioni sui dati memorizzati su di te, sulla loro origine, sui destinatari o sullo scopo della memorizzazione, oppure se hai altre domande o richieste relative a questo sito web, contattaci all'indirizzo sottostante:<\/p>\n<p data-start=\"6705\" data-end=\"6807\">Hidalgo Sattel<br data-start=\"6719\" data-end=\"6722\" \/>Galvanistrasse 18<br data-start=\"6739\" data-end=\"6742\" \/>4040 Linz<br data-start=\"6751\" data-end=\"6754\" \/><a rel=\"noopener\" data-start=\"6754\" data-end=\"6779\">office@hidalgo-sattel.com<\/a><br data-start=\"6779\" data-end=\"6782\" \/>Richieste di informazioni: +4369915334461<\/p>\n<p data-start=\"6809\" data-end=\"6893\">Piattaforma della Commissione UE per la risoluzione delle controversie online: <a href=\"http:\/\/www.ec.europa.eu\/consumers\/odr\" target=\"_new\" rel=\"noopener\" data-start=\"6863\" data-end=\"6893\">www.ec.europa.eu\/consumers\/odr<\/a><\/p>\n<p data-start=\"6895\" data-end=\"7769\" data-is-last-node=\"\" data-is-only-node=\"\"><strong>reCAPTCHA<\/strong><br data-start=\"6904\" data-end=\"6907\" \/>Per proteggere le tue richieste tramite modulo online, utilizziamo il servizio reCAPTCHA di Google LLC (Google). La richiesta determina se l'inserimento dei dati avviene tramite un essere umano o tramite un'elaborazione automatizzata e abusiva. La richiesta include la trasmissione dell'indirizzo IP e di eventuali altri dati richiesti da Google per il servizio reCAPTCHA. I tuoi dati vengono trasmessi a Google e l\u00ec utilizzati. Google abbrevia preventivamente il tuo indirizzo IP all'interno dell'UE o di altri stati dello SEE. Solo in casi eccezionali l'indirizzo IP completo viene inviato a un server di Google negli Stati Uniti e l\u00ec abbreviato. Google utilizza queste informazioni per conto del gestore del sito web per valutare l'utilizzo del servizio. L'indirizzo IP trasmesso durante reCAPTCHA non viene unito ad altri dati di Google. Per questi dati si applica l'informativa sulla privacy separata di Google. Ulteriori informazioni sono disponibili all'indirizzo: <a href=\"https:\/\/policies.google.com\/privacy?hl=de\" target=\"_new\" rel=\"noopener\" data-start=\"7728\" data-end=\"7769\" data-is-last-node=\"\">https:\/\/policies.google.com\/privacy?hl=de<\/a><\/p>","protected":false},"excerpt":{"rendered":"<p>Home Content and design: Hidalgo Saddle assumes no liability or warranty for any information provided on this website. All texts and graphic designs published on this website are protected by copyright. Any reproduction or publication of the texts and graphic designs made available on this website is not permitted without prior consultation with Hidalgo Saddle. [&hellip;]<\/p>\n","protected":false},"author":1,"featured_media":0,"parent":0,"menu_order":0,"comment_status":"closed","ping_status":"closed","template":"","meta":{"footnotes":""},"class_list":["post-852","page","type-page","status-publish","hentry"],"_links":{"self":[{"href":"https:\/\/www.hidalgo-sattel.at\/it\/wp-json\/wp\/v2\/pages\/852","targetHints":{"allow":["GET"]}}],"collection":[{"href":"https:\/\/www.hidalgo-sattel.at\/it\/wp-json\/wp\/v2\/pages"}],"about":[{"href":"https:\/\/www.hidalgo-sattel.at\/it\/wp-json\/wp\/v2\/types\/page"}],"author":[{"embeddable":true,"href":"https:\/\/www.hidalgo-sattel.at\/it\/wp-json\/wp\/v2\/users\/1"}],"replies":[{"embeddable":true,"href":"https:\/\/www.hidalgo-sattel.at\/it\/wp-json\/wp\/v2\/comments?post=852"}],"version-history":[{"count":25,"href":"https:\/\/www.hidalgo-sattel.at\/it\/wp-json\/wp\/v2\/pages\/852\/revisions"}],"predecessor-version":[{"id":3375,"href":"https:\/\/www.hidalgo-sattel.at\/it\/wp-json\/wp\/v2\/pages\/852\/revisions\/3375"}],"wp:attachment":[{"href":"https:\/\/www.hidalgo-sattel.at\/it\/wp-json\/wp\/v2\/media?parent=852"}],"curies":[{"name":"wp","href":"https:\/\/api.w.org\/{rel}","templated":true}]}}