{"id":2883,"date":"2025-12-13T12:48:02","date_gmt":"2025-12-13T12:48:02","guid":{"rendered":"https:\/\/www.hidalgo-sattel.at\/?post_type=product&#038;p=2883"},"modified":"2025-12-23T05:22:47","modified_gmt":"2025-12-23T05:22:47","slug":"riding-pad","status":"publish","type":"product","link":"https:\/\/www.hidalgo-sattel.at\/fr\/product\/riding-pad\/","title":{"rendered":"Riding Pad"},"content":{"rendered":"<p>Tapis d'\u00e9quitation RIDALGO \u2013 Nouveaut\u00e9 pour les amoureux des chevaux !<\/p>\n<p>Vous recherchez un tapis l\u00e9ger, flexible et ultra-confortable qui s'adapte v\u00e9ritablement au dos de votre cheval ?<br \/>\nD\u00e9couvrez le RIDALGO \u2013 con\u00e7u pour un ajustement parfait, un confort optimal et une adaptabilit\u00e9 intelligente.<\/p>\n<ul>\n<li>V\u00e9gan et facile d'entretien<\/li>\n<li>\u00c9trier ouvert \u00e0 boucle E \u2013 r\u00e9glable par Velcro pour une position parfaite<\/li>\n<li>Comprend des panneaux HIDALGO + des cales avant et arri\u00e8re<\/li>\n<li>Cales souples optionnelles pour une assise plus profonde et plus s\u00fbre<\/li>\n<li>Version cuir avec embauchoir int\u00e9gr\u00e9<\/li>\n<li>Couleurs, tailles et option sans logo personnalis\u00e9es disponibles<\/li>\n<li>Enti\u00e8rement modulaire \u2013 compatible avec tous les syst\u00e8mes de panneaux HIDALGOO<\/li>\n<\/ul>\n<p>Test\u00e9 sous pression apr\u00e8s 2 heures de randonn\u00e9e \u2013 excellente r\u00e9partition et d\u00e9gagement de la colonne vert\u00e9brale !<\/p>\n<p>Pr\u00e9commandes ouvertes \u2013 stock limit\u00e9 bient\u00f4t disponible !<br \/>\nDes questions ou des demandes particuli\u00e8res\u00a0? N'h\u00e9sitez pas \u00e0 nous contacter\u00a0!<\/p>","protected":false},"excerpt":{"rendered":"<p>RIDALGO Riding Pad<\/p>\n<p>Riding pad \u20ac790.- (Fabric)<\/p>\n<p>Riding pad \u20ac1190.- (Leather)<\/p>","protected":false},"featured_media":2884,"comment_status":"open","ping_status":"closed","template":"","meta":[],"product_brand":[],"product_cat":[42],"product_tag":[],"class_list":{"0":"post-2883","1":"product","2":"type-product","3":"status-publish","4":"has-post-thumbnail","6":"product_cat-riding-pad-and-pony","8":"first","9":"instock","10":"shipping-taxable","11":"product-type-simple"},"_links":{"self":[{"href":"https:\/\/www.hidalgo-sattel.at\/fr\/wp-json\/wp\/v2\/product\/2883","targetHints":{"allow":["GET"]}}],"collection":[{"href":"https:\/\/www.hidalgo-sattel.at\/fr\/wp-json\/wp\/v2\/product"}],"about":[{"href":"https:\/\/www.hidalgo-sattel.at\/fr\/wp-json\/wp\/v2\/types\/product"}],"replies":[{"embeddable":true,"href":"https:\/\/www.hidalgo-sattel.at\/fr\/wp-json\/wp\/v2\/comments?post=2883"}],"wp:featuredmedia":[{"embeddable":true,"href":"https:\/\/www.hidalgo-sattel.at\/fr\/wp-json\/wp\/v2\/media\/2884"}],"wp:attachment":[{"href":"https:\/\/www.hidalgo-sattel.at\/fr\/wp-json\/wp\/v2\/media?parent=2883"}],"wp:term":[{"taxonomy":"product_brand","embeddable":true,"href":"https:\/\/www.hidalgo-sattel.at\/fr\/wp-json\/wp\/v2\/product_brand?post=2883"},{"taxonomy":"product_cat","embeddable":true,"href":"https:\/\/www.hidalgo-sattel.at\/fr\/wp-json\/wp\/v2\/product_cat?post=2883"},{"taxonomy":"product_tag","embeddable":true,"href":"https:\/\/www.hidalgo-sattel.at\/fr\/wp-json\/wp\/v2\/product_tag?post=2883"}],"curies":[{"name":"wp","href":"https:\/\/api.w.org\/{rel}","templated":true}]}}