{"id":2256,"date":"2025-11-20T04:18:16","date_gmt":"2025-11-20T04:18:16","guid":{"rendered":"https:\/\/www.hidalgo-sattel.at\/?post_type=product&#038;p=2256"},"modified":"2025-11-22T09:34:10","modified_gmt":"2025-11-22T09:34:10","slug":"velcro-knee-rolls","status":"publish","type":"product","link":"https:\/\/www.hidalgo-sattel.at\/fr\/product\/velcro-knee-rolls\/","title":{"rendered":"Velcro knee rolls"},"content":{"rendered":"<p>Disponible en diff\u00e9rentes hauteurs dans toutes les couleurs de nappa et de su\u00e8de<\/p>\n<p>Pour nos selles \u00e0 ar\u00e7on en cuir ou \u00e0 ar\u00e7on PFT !<\/p>\n<p>Veuillez pr\u00e9ciser la hauteur dans le champ des commentaires !<\/p>\n<p>Poids : 0,5 kg<br \/>\nCouleur<br \/>\nNoir, Marron<\/p>\n<p class=\"translation-block\">Forme<br>\nDressage, concours complet, espagnol petit, espagnol grand<\/p>","protected":false},"excerpt":{"rendered":"<p>in various heights in all nappa and suede colors For our leather tree or PFT tree saddles! Please specify height in the comments field! Weight 0.5 kg Color black, brown Shape Dressage, eventing, Spanish small, Spanish large<\/p>","protected":false},"featured_media":2255,"comment_status":"open","ping_status":"closed","template":"","meta":[],"product_brand":[],"product_cat":[47],"product_tag":[],"class_list":{"0":"post-2256","1":"product","2":"type-product","3":"status-publish","4":"has-post-thumbnail","6":"product_cat-accessories","8":"first","9":"instock","10":"shipping-taxable","11":"purchasable","12":"product-type-simple"},"_links":{"self":[{"href":"https:\/\/www.hidalgo-sattel.at\/fr\/wp-json\/wp\/v2\/product\/2256","targetHints":{"allow":["GET"]}}],"collection":[{"href":"https:\/\/www.hidalgo-sattel.at\/fr\/wp-json\/wp\/v2\/product"}],"about":[{"href":"https:\/\/www.hidalgo-sattel.at\/fr\/wp-json\/wp\/v2\/types\/product"}],"replies":[{"embeddable":true,"href":"https:\/\/www.hidalgo-sattel.at\/fr\/wp-json\/wp\/v2\/comments?post=2256"}],"wp:featuredmedia":[{"embeddable":true,"href":"https:\/\/www.hidalgo-sattel.at\/fr\/wp-json\/wp\/v2\/media\/2255"}],"wp:attachment":[{"href":"https:\/\/www.hidalgo-sattel.at\/fr\/wp-json\/wp\/v2\/media?parent=2256"}],"wp:term":[{"taxonomy":"product_brand","embeddable":true,"href":"https:\/\/www.hidalgo-sattel.at\/fr\/wp-json\/wp\/v2\/product_brand?post=2256"},{"taxonomy":"product_cat","embeddable":true,"href":"https:\/\/www.hidalgo-sattel.at\/fr\/wp-json\/wp\/v2\/product_cat?post=2256"},{"taxonomy":"product_tag","embeddable":true,"href":"https:\/\/www.hidalgo-sattel.at\/fr\/wp-json\/wp\/v2\/product_tag?post=2256"}],"curies":[{"name":"wp","href":"https:\/\/api.w.org\/{rel}","templated":true}]}}