{"id":877,"date":"2025-10-15T03:17:19","date_gmt":"2025-10-15T03:17:19","guid":{"rendered":"https:\/\/hidalgosattel.wizardswp.com\/?page_id=877"},"modified":"2025-11-24T08:36:28","modified_gmt":"2025-11-24T08:36:28","slug":"general-shipping-information","status":"publish","type":"page","link":"https:\/\/www.hidalgo-sattel.at\/fr\/general-shipping-information\/","title":{"rendered":"Informations g\u00e9n\u00e9rales sur la livraison"},"content":{"rendered":"<style>.elementor-877 .elementor-element.elementor-element-00498b7{--display:flex;--flex-direction:row;--container-widget-width:calc( ( 1 - var( --container-widget-flex-grow ) ) * 100% );--container-widget-height:100%;--container-widget-flex-grow:1;--container-widget-align-self:stretch;--flex-wrap-mobile:wrap;--align-items:stretch;--gap:10px 10px;--row-gap:10px;--column-gap:10px;--overlay-opacity:0.75;--padding-top:180px;--padding-bottom:180px;--padding-left:0px;--padding-right:0px;}.elementor-877 .elementor-element.elementor-element-00498b7:not(.elementor-motion-effects-element-type-background), .elementor-877 .elementor-element.elementor-element-00498b7 > .elementor-motion-effects-container > .elementor-motion-effects-layer{background-image:url(\"https:\/\/www.hidalgo-sattel.at\/wp-content\/uploads\/2025\/10\/imgi_29_520842238_18364433881150945_1340405621027070477_n.webp\");background-position:center center;background-repeat:no-repeat;background-size:cover;}.elementor-877 .elementor-element.elementor-element-00498b7::before, .elementor-877 .elementor-element.elementor-element-00498b7 > .elementor-background-video-container::before, .elementor-877 .elementor-element.elementor-element-00498b7 > .e-con-inner > .elementor-background-video-container::before, .elementor-877 .elementor-element.elementor-element-00498b7 > .elementor-background-slideshow::before, .elementor-877 .elementor-element.elementor-element-00498b7 > .e-con-inner > .elementor-background-slideshow::before, .elementor-877 .elementor-element.elementor-element-00498b7 > .elementor-motion-effects-container > .elementor-motion-effects-layer::before{--background-overlay:'';background-color:#070400;}.elementor-877 .elementor-element.elementor-element-246e1b7{--display:flex;}.elementor-877 .elementor-element.elementor-element-7c4e68b{text-align:start;}.elementor-877 .elementor-element.elementor-element-7c4e68b .elementor-heading-title{font-family:var( --e-global-typography-secondary-font-family ), Sans-serif;font-size:var( --e-global-typography-secondary-font-size );font-weight:var( --e-global-typography-secondary-font-weight );line-height:var( --e-global-typography-secondary-line-height );color:#FFFFFF;}.elementor-877 .elementor-element.elementor-element-690c946 .elementor-icon-list-items:not(.elementor-inline-items) .elementor-icon-list-item:not(:last-child){padding-block-end:calc(6px\/2);}.elementor-877 .elementor-element.elementor-element-690c946 .elementor-icon-list-items:not(.elementor-inline-items) .elementor-icon-list-item:not(:first-child){margin-block-start:calc(6px\/2);}.elementor-877 .elementor-element.elementor-element-690c946 .elementor-icon-list-items.elementor-inline-items .elementor-icon-list-item{margin-inline:calc(6px\/2);}.elementor-877 .elementor-element.elementor-element-690c946 .elementor-icon-list-items.elementor-inline-items{margin-inline:calc(-6px\/2);}.elementor-877 .elementor-element.elementor-element-690c946 .elementor-icon-list-items.elementor-inline-items .elementor-icon-list-item:after{inset-inline-end:calc(-6px\/2);}.elementor-877 .elementor-element.elementor-element-690c946 .elementor-icon-list-icon i{color:var( --e-global-color-secondary );transition:color 0.3s;}.elementor-877 .elementor-element.elementor-element-690c946 .elementor-icon-list-icon svg{fill:var( --e-global-color-secondary );transition:fill 0.3s;}.elementor-877 .elementor-element.elementor-element-690c946{--e-icon-list-icon-size:14px;--e-icon-list-icon-align:left;--e-icon-list-icon-margin:0 calc(var(--e-icon-list-icon-size, 1em) * 0.25) 0 0;}.elementor-877 .elementor-element.elementor-element-690c946 .elementor-icon-list-icon{padding-inline-end:3px;}.elementor-877 .elementor-element.elementor-element-690c946 .elementor-icon-list-item > .elementor-icon-list-text, .elementor-877 .elementor-element.elementor-element-690c946 .elementor-icon-list-item > a{font-family:var( --e-global-typography-text-font-family ), Sans-serif;font-size:var( --e-global-typography-text-font-size );font-weight:var( --e-global-typography-text-font-weight );line-height:var( --e-global-typography-text-line-height );}.elementor-877 .elementor-element.elementor-element-690c946 .elementor-icon-list-text{color:#FFFFFF;transition:color 0.3s;}.elementor-877 .elementor-element.elementor-element-8de66a9{--display:flex;--padding-top:80px;--padding-bottom:80px;--padding-left:0px;--padding-right:0px;}:root{--page-title-display:none;}@media(min-width:1025px){.elementor-877 .elementor-element.elementor-element-00498b7:not(.elementor-motion-effects-element-type-background), .elementor-877 .elementor-element.elementor-element-00498b7 > .elementor-motion-effects-container > .elementor-motion-effects-layer{background-attachment:fixed;}}@media(max-width:1024px){.elementor-877 .elementor-element.elementor-element-00498b7{--padding-top:100px;--padding-bottom:120px;--padding-left:20px;--padding-right:20px;}.elementor-877 .elementor-element.elementor-element-7c4e68b .elementor-heading-title{font-size:var( --e-global-typography-secondary-font-size );line-height:var( --e-global-typography-secondary-line-height );}.elementor-877 .elementor-element.elementor-element-690c946 .elementor-icon-list-item > .elementor-icon-list-text, .elementor-877 .elementor-element.elementor-element-690c946 .elementor-icon-list-item > a{font-size:var( --e-global-typography-text-font-size );line-height:var( --e-global-typography-text-line-height );}.elementor-877 .elementor-element.elementor-element-8de66a9{--padding-top:80px;--padding-bottom:80px;--padding-left:20px;--padding-right:20px;}}@media(max-width:767px){.elementor-877 .elementor-element.elementor-element-00498b7{--padding-top:80px;--padding-bottom:80px;--padding-left:20px;--padding-right:20px;}.elementor-877 .elementor-element.elementor-element-7c4e68b .elementor-heading-title{font-size:var( --e-global-typography-secondary-font-size );line-height:var( --e-global-typography-secondary-line-height );}.elementor-877 .elementor-element.elementor-element-690c946 .elementor-icon-list-item > .elementor-icon-list-text, .elementor-877 .elementor-element.elementor-element-690c946 .elementor-icon-list-item > a{font-size:var( --e-global-typography-text-font-size );line-height:var( --e-global-typography-text-line-height );}.elementor-877 .elementor-element.elementor-element-8de66a9{--padding-top:60px;--padding-bottom:60px;--padding-left:20px;--padding-right:20px;}}<\/style>\t\t<div data-elementor-type=\"wp-page\" data-elementor-id=\"877\" class=\"elementor elementor-877\" data-elementor-post-type=\"page\">\n\t\t\t\t<div class=\"elementor-element elementor-element-00498b7 e-flex e-con-boxed e-con e-parent\" data-id=\"00498b7\" data-element_type=\"container\" data-e-type=\"container\" data-settings=\"{&quot;background_background&quot;:&quot;classic&quot;}\">\n\t\t\t\t\t<div class=\"e-con-inner\">\n\t\t<div class=\"elementor-element elementor-element-246e1b7 e-con-full e-flex e-con e-child\" data-id=\"246e1b7\" data-element_type=\"container\" data-e-type=\"container\" data-settings=\"{&quot;background_background&quot;:&quot;classic&quot;}\">\n\t\t\t\t<div class=\"elementor-element elementor-element-7c4e68b elementor-widget elementor-widget-heading\" data-id=\"7c4e68b\" data-element_type=\"widget\" data-e-type=\"widget\" data-widget_type=\"heading.default\">\n\t\t\t\t\t<h2 class=\"elementor-heading-title elementor-size-default\">Informations g\u00e9n\u00e9rales sur la livraison<\/h2>\t\t\t\t<\/div>\n\t\t\t\t<div class=\"elementor-element elementor-element-690c946 elementor-icon-list--layout-inline elementor-list-item-link-full_width elementor-widget elementor-widget-icon-list\" data-id=\"690c946\" data-element_type=\"widget\" data-e-type=\"widget\" data-widget_type=\"icon-list.default\">\n\t\t\t\t\t\t\t<ul class=\"elementor-icon-list-items elementor-inline-items\">\n\t\t\t\t\t\t\t<li class=\"elementor-icon-list-item elementor-inline-item\">\n\t\t\t\t\t\t\t\t\t\t\t<a href=\"https:\/\/www.hidalgo-sattel.at\/fr\">\n\n\t\t\t\t\t\t\t\t\t\t\t<span class=\"elementor-icon-list-text\"><span style=\"color: #EFC664\">Accueil<\/span>\n\t\t\t\t\t\t\t\t\t\t\t<\/a>\n\t\t\t\t\t\t\t\t\t<\/li>\n\t\t\t\t\t\t\t\t<li class=\"elementor-icon-list-item elementor-inline-item\">\n\t\t\t\t\t\t\t\t\t\t\t<span class=\"elementor-icon-list-icon\">\n\t\t\t\t\t\t\t<i aria-hidden=\"true\" class=\"jki jki-right-arrow-3\"><\/i>\t\t\t\t\t\t<\/span>\n\t\t\t\t\t\t\t\t\t\t<span class=\"elementor-icon-list-text\">Informations g\u00e9n\u00e9rales sur la livraison<\/span>\n\t\t\t\t\t\t\t\t\t<\/li>\n\t\t\t\t\t\t<\/ul>\n\t\t\t\t\t\t<\/div>\n\t\t\t\t<\/div>\n\t\t\t\t\t<\/div>\n\t\t\t\t<\/div>\n\t\t<div class=\"elementor-element elementor-element-8de66a9 e-flex e-con-boxed e-con e-parent\" data-id=\"8de66a9\" data-element_type=\"container\" data-e-type=\"container\">\n\t\t\t\t\t<div class=\"e-con-inner\">\n\t\t\t\t<div class=\"elementor-element elementor-element-8973e24 elementor-widget elementor-widget-text-editor\" data-id=\"8973e24\" data-element_type=\"widget\" data-e-type=\"widget\" data-widget_type=\"text-editor.default\">\n\t\t\t\t\t\t\t\t\t<h3>Informations g\u00e9n\u00e9rales sur la livraison:<\/h3><h4>Les frais de livraison sont de 12,60 \u20ac pour une selle (deux selles 16 \u20ac) en Autriche, et de 25 \u20ac vers l'Allemagne (deux selles 35 \u20ac). Dans l'UE : 35 \u20ac par selle (deux selles 49 \u20ac). Les co\u00fbts d\u00e9pendent \u00e9galement du volume et du poids.<\/h4><p><br \/>Nous calculerons les frais de livraison exacts une fois la commande clarifi\u00e9e. Vous recevrez une confirmation par e-mail \u00e0 l'avance.<\/p><p>Pour les commandes avec plusieurs produits, nous pouvons proposer un tarif d'exp\u00e9dition forfaitaire.<\/p><p>Nous exp\u00e9dions g\u00e9n\u00e9ralement avec la Poste autrichienne. Pour les exp\u00e9ditions internationales, une entreprise partenaire de la Poste prend en charge (g\u00e9n\u00e9ralement Transoflex en Allemagne \u2013 nous n\u2019avons aucune influence sur cela).<\/p><p>Nous exp\u00e9dions dans le monde entier. Veuillez demander les tarifs et les d\u00e9lais de livraison.<\/p><p>La livraison des selles peut prendre jusqu'\u00e0 huit mois dans des cas exceptionnels.<\/p><p><strong>Remarques sp\u00e9ciales pour l'exp\u00e9dition internationale :<\/strong><\/p><p><br data-start=\"777\" data-end=\"780\" \/>Pour les livraisons \u00e0 l'\u00e9tranger, des droits de douane, des taxes et des frais peuvent s'appliquer, qui ne sont pas inclus dans le prix total affich\u00e9.<\/p><h4>Nous exp\u00e9dions dans le monde entier.<\/h4>\t\t\t\t\t\t\t\t<\/div>\n\t\t\t\t\t<\/div>\n\t\t\t\t<\/div>\n\t\t\t\t<\/div>","protected":false},"excerpt":{"rendered":"<p>Home General shipping information: Shipping costs are \u20ac12.60 for one saddle (two saddles \u20ac16) within Austria, and \u20ac25 to Germany (two saddles \u20ac35). Within the EU: \u20ac35 per saddle (two saddles \u20ac49). Costs also depend on volume and weight. We will calculate the exact shipping charges once the order is clarified. You will receive a [&hellip;]<\/p>\n","protected":false},"author":1,"featured_media":0,"parent":0,"menu_order":0,"comment_status":"closed","ping_status":"closed","template":"","meta":{"footnotes":""},"class_list":["post-877","page","type-page","status-publish","hentry"],"_links":{"self":[{"href":"https:\/\/www.hidalgo-sattel.at\/fr\/wp-json\/wp\/v2\/pages\/877","targetHints":{"allow":["GET"]}}],"collection":[{"href":"https:\/\/www.hidalgo-sattel.at\/fr\/wp-json\/wp\/v2\/pages"}],"about":[{"href":"https:\/\/www.hidalgo-sattel.at\/fr\/wp-json\/wp\/v2\/types\/page"}],"author":[{"embeddable":true,"href":"https:\/\/www.hidalgo-sattel.at\/fr\/wp-json\/wp\/v2\/users\/1"}],"replies":[{"embeddable":true,"href":"https:\/\/www.hidalgo-sattel.at\/fr\/wp-json\/wp\/v2\/comments?post=877"}],"version-history":[{"count":11,"href":"https:\/\/www.hidalgo-sattel.at\/fr\/wp-json\/wp\/v2\/pages\/877\/revisions"}],"predecessor-version":[{"id":2339,"href":"https:\/\/www.hidalgo-sattel.at\/fr\/wp-json\/wp\/v2\/pages\/877\/revisions\/2339"}],"wp:attachment":[{"href":"https:\/\/www.hidalgo-sattel.at\/fr\/wp-json\/wp\/v2\/media?parent=877"}],"curies":[{"name":"wp","href":"https:\/\/api.w.org\/{rel}","templated":true}]}}