{"id":2357,"date":"2025-11-27T05:32:03","date_gmt":"2025-11-27T05:32:03","guid":{"rendered":"https:\/\/www.hidalgo-sattel.at\/?page_id=2357"},"modified":"2025-12-12T12:30:05","modified_gmt":"2025-12-12T12:30:05","slug":"test-a-hidago","status":"publish","type":"page","link":"https:\/\/www.hidalgo-sattel.at\/fr\/test-a-hidago\/","title":{"rendered":"Test un Hidago"},"content":{"rendered":"<style>.elementor-2357 .elementor-element.elementor-element-24a1591{--display:flex;--gap:40px 40px;--row-gap:40px;--column-gap:40px;--padding-top:80px;--padding-bottom:80px;--padding-left:20px;--padding-right:20px;}.elementor-2357 .elementor-element.elementor-element-74f3cd3{text-align:center;}.elementor-2357 .elementor-element.elementor-element-74f3cd3 .elementor-heading-title{font-family:\"Playfair Display\", Sans-serif;font-size:34px;font-weight:600;line-height:41px;}.elementor-2357 .elementor-element.elementor-element-d51e51f img{width:100%;height:500px;object-fit:cover;object-position:center center;}:root{--page-title-display:none;}@media(max-width:1024px){.elementor-2357 .elementor-element.elementor-element-24a1591{--padding-top:80px;--padding-bottom:80px;--padding-left:20px;--padding-right:20px;}.elementor-2357 .elementor-element.elementor-element-74f3cd3 .elementor-heading-title{font-size:32px;}}@media(max-width:767px){.elementor-2357 .elementor-element.elementor-element-24a1591{--padding-top:60px;--padding-bottom:60px;--padding-left:20px;--padding-right:20px;}.elementor-2357 .elementor-element.elementor-element-74f3cd3 .elementor-heading-title{font-size:25px;}.elementor-2357 .elementor-element.elementor-element-d51e51f img{height:227px;}}<\/style>\t\t<div data-elementor-type=\"wp-page\" data-elementor-id=\"2357\" class=\"elementor elementor-2357\" data-elementor-post-type=\"page\">\n\t\t\t\t<div class=\"elementor-element elementor-element-24a1591 e-flex e-con-boxed e-con e-parent\" data-id=\"24a1591\" data-element_type=\"container\" data-e-type=\"container\">\n\t\t\t\t\t<div class=\"e-con-inner\">\n\t\t\t\t<div class=\"elementor-element elementor-element-74f3cd3 elementor-widget elementor-widget-heading\" data-id=\"74f3cd3\" data-element_type=\"widget\" data-e-type=\"widget\" data-widget_type=\"heading.default\">\n\t\t\t\t\t<h2 class=\"elementor-heading-title elementor-size-default\">Conditions d'essai du fauteuil Hidalgo<\/h2>\t\t\t\t<\/div>\n\t\t\t\t<div class=\"elementor-element elementor-element-d51e51f elementor-widget elementor-widget-image\" data-id=\"d51e51f\" data-element_type=\"widget\" data-e-type=\"widget\" data-widget_type=\"image.default\">\n\t\t\t\t\t\t\t\t\t\t\t\t\t\t\t<img fetchpriority=\"high\" decoding=\"async\" width=\"800\" height=\"640\" src=\"https:\/\/www.hidalgo-sattel.at\/wp-content\/uploads\/2025\/11\/2810EEF5-80DE-40D1-BF5E-1D8DA4BEDF44-1024x819.jpeg\" class=\"attachment-large size-large wp-image-2462\" alt=\"\" srcset=\"https:\/\/www.hidalgo-sattel.at\/wp-content\/uploads\/2025\/11\/2810EEF5-80DE-40D1-BF5E-1D8DA4BEDF44-1024x819.jpeg 1024w, https:\/\/www.hidalgo-sattel.at\/wp-content\/uploads\/2025\/11\/2810EEF5-80DE-40D1-BF5E-1D8DA4BEDF44-300x240.jpeg 300w, https:\/\/www.hidalgo-sattel.at\/wp-content\/uploads\/2025\/11\/2810EEF5-80DE-40D1-BF5E-1D8DA4BEDF44-768x614.jpeg 768w, https:\/\/www.hidalgo-sattel.at\/wp-content\/uploads\/2025\/11\/2810EEF5-80DE-40D1-BF5E-1D8DA4BEDF44-1536x1229.jpeg 1536w, https:\/\/www.hidalgo-sattel.at\/wp-content\/uploads\/2025\/11\/2810EEF5-80DE-40D1-BF5E-1D8DA4BEDF44-2048x1639.jpeg 2048w, https:\/\/www.hidalgo-sattel.at\/wp-content\/uploads\/2025\/11\/2810EEF5-80DE-40D1-BF5E-1D8DA4BEDF44-15x12.jpeg 15w, https:\/\/www.hidalgo-sattel.at\/wp-content\/uploads\/2025\/11\/2810EEF5-80DE-40D1-BF5E-1D8DA4BEDF44-600x480.jpeg 600w\" sizes=\"(max-width: 800px) 100vw, 800px\" \/>\t\t\t\t\t\t\t\t\t\t\t\t\t\t\t<\/div>\n\t\t\t\t<div class=\"elementor-element elementor-element-8ad04d6 elementor-widget elementor-widget-text-editor\" data-id=\"8ad04d6\" data-element_type=\"widget\" data-e-type=\"widget\" data-widget_type=\"text-editor.default\">\n\t\t\t\t\t\t\t\t\t<p><strong>Nous voulons vous donner la possibilit\u00e9 de tester soigneusement votre selle Hidalgo avant de prendre une d\u00e9cision d'achat finale. Ci dessous vous trouverez toutes les informations concernant nos conditions d'essai:<\/strong><\/p><h4><strong>D\u00e9p\u00f4t<\/strong><\/h4><p>Le d\u00e9p\u00f4t \u00e9quivaut au prix d'achat de la selle s\u00e9lectionn\u00e9e.<br \/>Elle est due avant que l essai commence. Une facture peut \u00eatre \u00e9mise sur demande.<\/p><h4><strong>Frais d essai<\/strong><\/h4><ul><li>Les frais d essai sont de \u20ac89 par semaine pour la premi\u00e8re selle test\u00e9e.<\/li><li>Vous pouvez tester la selle autant de semaines que vous le souhaitez.<\/li><li>Si vous souhaitez tester jusqu \u00e0 trois selles, vous ne payez le d\u00e9p\u00f4t que pour la selle la plus ch\u00e8re \u2013 donc un seul d\u00e9p\u00f4t au total.<\/li><li>Pour la deuxi\u00e8me et la troisi\u00e8me selle, les frais d essai sont de \u20ac45 par semaine.<\/li><\/ul><p>D\u00e9cision apr\u00e8s l essai<\/p><p><strong>Apr\u00e8s la p\u00e9riode d essai, vous avez deux options:<\/strong><\/p><p><strong>1. Vous d\u00e9cidez de garder la selle<\/strong><br \/>Si la selle est disponible \u00e0 la vente (ce qui est le cas pour presque toutes les selles d essai) et que vous choisissez de la garder,<br \/>le d\u00e9p\u00f4t devient automatiquement le prix d'achat.<br \/>Vous recevrez la facture correspondante.<\/p><p><strong>2. Vous remettez la selle en place<\/strong><br \/>Si vous d\u00e9cidez de renvoyer la selle,<br \/>Les frais d'essai seront d\u00e9duits de l'acompte.<br \/>Le solde de votre d\u00e9p\u00f4t vous sera rembours\u00e9 rapidement.<\/p><p>\u2e3b<\/p><h4><strong>Int\u00e9ress\u00e9(e) par l'essai d'une selle ?<\/strong><\/h4><p>Si vous souhaitez tester une selle Hidalgo,<br \/>Veuillez nous contacter \u00e0 l'avance.<br \/>Nous vous fournirons des conseils d\u00e9taill\u00e9s sur les mod\u00e8les les mieux adapt\u00e9s \u00e0 votre cheval et \u00e0 vos besoins.<\/p><p>\u2e3b<\/p><h4><strong>Important\u00a0: Veuillez nous contacter d\u00e8s la livraison.<\/strong><\/h4><p>D\u00e8s que la ou les selles arriveront \u00e0 votre adresse,<br \/>Veuillez nous contacter afin que nous puissions vous aider pour l'essayage initial.<br \/>Nous serons ravis de vous aider en ligne pour cette transition, surtout si vous n'avez personne de disponible localement.<\/p><p><strong>Vous pouvez nous joindre par t\u00e9l\u00e9phone ou WhatsApp au :<\/strong><br \/><strong>+43 699 15 33 44 61<\/strong><\/p>\t\t\t\t\t\t\t\t<\/div>\n\t\t\t\t\t<\/div>\n\t\t\t\t<\/div>\n\t\t\t\t<\/div>","protected":false},"excerpt":{"rendered":"<p>Hidalgo Saddle Trial Conditions We want to give you the opportunity to thoroughly test your Hidalgo saddle before making a final purchasing decision. Below you will find all information regarding our trial conditions: Deposit The deposit equals the purchase price of the selected saddle.It is due before the trial begins. An invoice can be issued [&hellip;]<\/p>\n","protected":false},"author":1,"featured_media":0,"parent":0,"menu_order":0,"comment_status":"closed","ping_status":"closed","template":"","meta":{"footnotes":""},"class_list":["post-2357","page","type-page","status-publish","hentry"],"_links":{"self":[{"href":"https:\/\/www.hidalgo-sattel.at\/fr\/wp-json\/wp\/v2\/pages\/2357","targetHints":{"allow":["GET"]}}],"collection":[{"href":"https:\/\/www.hidalgo-sattel.at\/fr\/wp-json\/wp\/v2\/pages"}],"about":[{"href":"https:\/\/www.hidalgo-sattel.at\/fr\/wp-json\/wp\/v2\/types\/page"}],"author":[{"embeddable":true,"href":"https:\/\/www.hidalgo-sattel.at\/fr\/wp-json\/wp\/v2\/users\/1"}],"replies":[{"embeddable":true,"href":"https:\/\/www.hidalgo-sattel.at\/fr\/wp-json\/wp\/v2\/comments?post=2357"}],"version-history":[{"count":10,"href":"https:\/\/www.hidalgo-sattel.at\/fr\/wp-json\/wp\/v2\/pages\/2357\/revisions"}],"predecessor-version":[{"id":2741,"href":"https:\/\/www.hidalgo-sattel.at\/fr\/wp-json\/wp\/v2\/pages\/2357\/revisions\/2741"}],"wp:attachment":[{"href":"https:\/\/www.hidalgo-sattel.at\/fr\/wp-json\/wp\/v2\/media?parent=2357"}],"curies":[{"name":"wp","href":"https:\/\/api.w.org\/{rel}","templated":true}]}}