{"id":2964,"date":"2025-12-18T12:47:42","date_gmt":"2025-12-18T12:47:42","guid":{"rendered":"https:\/\/www.hidalgo-sattel.at\/?post_type=product&#038;p=2964"},"modified":"2025-12-19T10:05:00","modified_gmt":"2025-12-19T10:05:00","slug":"sanlucar","status":"publish","type":"product","link":"https:\/\/www.hidalgo-sattel.at\/es\/product\/sanlucar\/","title":{"rendered":"Sanlucar"},"content":{"rendered":"<p>Silla de Working Equitation<\/p>\n<p>El Sanlucar es una verdadera silla de Working Equitation y uno de nuestros modelos m\u00e1s vendidos. Rinde igual de bien en la pista que en las rutas, ofreciendo una excelente comodidad, un asiento seguro y una gran versatilidad.<\/p>\n<p>Su superficie de apoyo excepcionalmente amplia garantiza una distribuci\u00f3n \u00f3ptima de la presi\u00f3n y sostiene la espalda del caballo. El asiento muy blando proporciona un confort extraordinario y permite una monta equilibrada y relajada, incluso en trayectos largos.<\/p>\n<p>El Sanlucar se puede personalizar de forma individual.<\/p>\n<ul>\n<li>Longitudes de fald\u00f3n est\u00e1ndar o versi\u00f3n Shorty<\/li>\n<li>Peque\u00f1o taco anat\u00f3mico para el muslo en el exterior del fald\u00f3n, opcional<\/li>\n<li>Como alternativa, un peque\u00f1o taco desmontable con velcro bajo el fald\u00f3n<\/li>\n<\/ul>\n<p>Equipado con el reconocido \u00e1rbol de cuero Hidalgo y el sistema de cinchado de tres puntos Hidalgo.<\/p>","protected":false},"excerpt":{"rendered":"<p>Working Equitation saddle with leathertree saddle<\/p>\n<p>Desde 2.640\u20ac (Especial)<\/p>\n<p>Desde \u20ac3,490,- (Premium)<\/p>","protected":false},"featured_media":2965,"comment_status":"open","ping_status":"closed","template":"","meta":[],"product_brand":[],"product_cat":[25,44],"product_tag":[],"class_list":{"0":"post-2964","1":"product","2":"type-product","3":"status-publish","4":"has-post-thumbnail","6":"product_cat-leather-tree","7":"product_cat-spanish-working-equitation","9":"first","10":"instock","11":"shipping-taxable","12":"product-type-simple"},"_links":{"self":[{"href":"https:\/\/www.hidalgo-sattel.at\/es\/wp-json\/wp\/v2\/product\/2964","targetHints":{"allow":["GET"]}}],"collection":[{"href":"https:\/\/www.hidalgo-sattel.at\/es\/wp-json\/wp\/v2\/product"}],"about":[{"href":"https:\/\/www.hidalgo-sattel.at\/es\/wp-json\/wp\/v2\/types\/product"}],"replies":[{"embeddable":true,"href":"https:\/\/www.hidalgo-sattel.at\/es\/wp-json\/wp\/v2\/comments?post=2964"}],"wp:featuredmedia":[{"embeddable":true,"href":"https:\/\/www.hidalgo-sattel.at\/es\/wp-json\/wp\/v2\/media\/2965"}],"wp:attachment":[{"href":"https:\/\/www.hidalgo-sattel.at\/es\/wp-json\/wp\/v2\/media?parent=2964"}],"wp:term":[{"taxonomy":"product_brand","embeddable":true,"href":"https:\/\/www.hidalgo-sattel.at\/es\/wp-json\/wp\/v2\/product_brand?post=2964"},{"taxonomy":"product_cat","embeddable":true,"href":"https:\/\/www.hidalgo-sattel.at\/es\/wp-json\/wp\/v2\/product_cat?post=2964"},{"taxonomy":"product_tag","embeddable":true,"href":"https:\/\/www.hidalgo-sattel.at\/es\/wp-json\/wp\/v2\/product_tag?post=2964"}],"curies":[{"name":"wp","href":"https:\/\/api.w.org\/{rel}","templated":true}]}}