{"id":2907,"date":"2025-12-14T11:09:05","date_gmt":"2025-12-14T11:09:05","guid":{"rendered":"https:\/\/www.hidalgo-sattel.at\/?post_type=product&#038;p=2907"},"modified":"2025-12-20T04:42:32","modified_gmt":"2025-12-20T04:42:32","slug":"riding-pad-used","status":"publish","type":"product","link":"https:\/\/www.hidalgo-sattel.at\/es\/product\/riding-pad-used\/","title":{"rendered":"Riding Pad (Used)"},"content":{"rendered":"<p>RIDALGO almohadilla de montar \u2013 Tela (cuero sint\u00e9tico), negro \u2013 usado, muy buen estado<\/p>\n<p class=\"translation-block\">We are offering a used RIDALGO riding pad made of Fabric (high-quality synthetic leather) in black.<br>\r\nThe riding pad is in very good condition, and the included cushions are like new.<\/p>\n<p>Medidas:<br \/>\nLargo aprox. 47 \/ 48 cm<\/p>\n<p>Caracter\u00edsticas:<\/p>\n<ul>\n<li>Cojines fijados con velcro con amplia superficie de contacto<\/li>\n<li>Asiento muy suave y c\u00f3modo<\/li>\n<li>Armaz\u00f3n de cuero flexible para adaptaci\u00f3n \u00f3ptima<\/li>\n<li>Excelente distribuci\u00f3n de la presi\u00f3n<\/li>\n<li>Sistema de fijaci\u00f3n de estribos probado bajo presi\u00f3n<\/li>\n<li>Adecuado para montar con correas y estribos<\/li>\n<li>Canal espinal ancho<\/li>\n<li>Altamente ajustable<\/li>\n<li>Easy to clean<\/li>\n<li>Sistema de cincha bien dise\u00f1ado para estabilidad \u00f3ptima en el lomo del caballo<\/li>\n<\/ul>\n<p>Una almohadilla de montar premium que ofrece un confort excepcional tanto para el caballo como para el jinete.<\/p>","protected":false},"excerpt":{"rendered":"<p>Fabric black with 33 cm seat<\/p>\n<p>\u20ac 499,- only<\/p>","protected":false},"featured_media":2918,"comment_status":"open","ping_status":"closed","template":"","meta":[],"product_brand":[],"product_cat":[42,46],"product_tag":[],"class_list":{"0":"post-2907","1":"product","2":"type-product","3":"status-publish","4":"has-post-thumbnail","6":"product_cat-riding-pad-and-pony","7":"product_cat-used","9":"first","10":"instock","11":"shipping-taxable","12":"product-type-simple"},"_links":{"self":[{"href":"https:\/\/www.hidalgo-sattel.at\/es\/wp-json\/wp\/v2\/product\/2907","targetHints":{"allow":["GET"]}}],"collection":[{"href":"https:\/\/www.hidalgo-sattel.at\/es\/wp-json\/wp\/v2\/product"}],"about":[{"href":"https:\/\/www.hidalgo-sattel.at\/es\/wp-json\/wp\/v2\/types\/product"}],"replies":[{"embeddable":true,"href":"https:\/\/www.hidalgo-sattel.at\/es\/wp-json\/wp\/v2\/comments?post=2907"}],"wp:featuredmedia":[{"embeddable":true,"href":"https:\/\/www.hidalgo-sattel.at\/es\/wp-json\/wp\/v2\/media\/2918"}],"wp:attachment":[{"href":"https:\/\/www.hidalgo-sattel.at\/es\/wp-json\/wp\/v2\/media?parent=2907"}],"wp:term":[{"taxonomy":"product_brand","embeddable":true,"href":"https:\/\/www.hidalgo-sattel.at\/es\/wp-json\/wp\/v2\/product_brand?post=2907"},{"taxonomy":"product_cat","embeddable":true,"href":"https:\/\/www.hidalgo-sattel.at\/es\/wp-json\/wp\/v2\/product_cat?post=2907"},{"taxonomy":"product_tag","embeddable":true,"href":"https:\/\/www.hidalgo-sattel.at\/es\/wp-json\/wp\/v2\/product_tag?post=2907"}],"curies":[{"name":"wp","href":"https:\/\/api.w.org\/{rel}","templated":true}]}}