{"id":2823,"date":"2025-12-13T11:54:54","date_gmt":"2025-12-13T11:54:54","guid":{"rendered":"https:\/\/www.hidalgo-sattel.at\/?post_type=product&#038;p=2823"},"modified":"2025-12-17T06:59:31","modified_gmt":"2025-12-17T06:59:31","slug":"cordoba","status":"publish","type":"product","link":"https:\/\/www.hidalgo-sattel.at\/es\/product\/cordoba\/","title":{"rendered":"C\u00d3RDOBA"},"content":{"rendered":"<p>El C\u00d3RDOBA: \u00a1un aut\u00e9ntico cl\u00e1sico y uno de nuestros sillines m\u00e1s populares desde hace muchos a\u00f1os!<\/p>\n<ul>\n<li>El tama\u00f1o del asiento se puede seleccionar individualmente<\/li>\n<li>Est\u00e1ndar: gamuza para un agarre adicional y un asiento muy seguro; tambi\u00e9n disponible en elegante cuero napa.<\/li>\n<li>Tambi\u00e9n disponible en versi\u00f3n Shorty con solapas m\u00e1s cortas.<\/li>\n<li>Paneles de velcro en diferentes longitudes y grosores<\/li>\n<li>Amplia gama de colores y tipos de cuero.<\/li>\n<li>Est\u00e1ndar: peque\u00f1o soporte anat\u00f3mico para las rodillas, con altura regulable (tambi\u00e9n debajo de la solapa con coste adicional)<\/li>\n<li>\u00a1Un sill\u00edn que combina tradici\u00f3n, comodidad y versatilidad!<\/li>\n<\/ul>\n<p>\u00a1P\u00eddenos tu configuraci\u00f3n personalizada!<\/p>","protected":false},"excerpt":{"rendered":"<p>Silla inglesa con armaz\u00f3n de cuero<\/p>\n<p>A partir de 1.440 \u20ac (Serie 2)<\/p>\n<p>A partir de 2.640 \u20ac (Especial)<\/p>\n<p>Desde \u20ac3,490,- (Premium)<\/p>","protected":false},"featured_media":2825,"comment_status":"open","ping_status":"closed","template":"","meta":[],"product_brand":[],"product_cat":[25,44],"product_tag":[],"class_list":{"0":"post-2823","1":"product","2":"type-product","3":"status-publish","4":"has-post-thumbnail","6":"product_cat-leather-tree","7":"product_cat-spanish-working-equitation","9":"first","10":"instock","11":"shipping-taxable","12":"product-type-simple"},"_links":{"self":[{"href":"https:\/\/www.hidalgo-sattel.at\/es\/wp-json\/wp\/v2\/product\/2823","targetHints":{"allow":["GET"]}}],"collection":[{"href":"https:\/\/www.hidalgo-sattel.at\/es\/wp-json\/wp\/v2\/product"}],"about":[{"href":"https:\/\/www.hidalgo-sattel.at\/es\/wp-json\/wp\/v2\/types\/product"}],"replies":[{"embeddable":true,"href":"https:\/\/www.hidalgo-sattel.at\/es\/wp-json\/wp\/v2\/comments?post=2823"}],"wp:featuredmedia":[{"embeddable":true,"href":"https:\/\/www.hidalgo-sattel.at\/es\/wp-json\/wp\/v2\/media\/2825"}],"wp:attachment":[{"href":"https:\/\/www.hidalgo-sattel.at\/es\/wp-json\/wp\/v2\/media?parent=2823"}],"wp:term":[{"taxonomy":"product_brand","embeddable":true,"href":"https:\/\/www.hidalgo-sattel.at\/es\/wp-json\/wp\/v2\/product_brand?post=2823"},{"taxonomy":"product_cat","embeddable":true,"href":"https:\/\/www.hidalgo-sattel.at\/es\/wp-json\/wp\/v2\/product_cat?post=2823"},{"taxonomy":"product_tag","embeddable":true,"href":"https:\/\/www.hidalgo-sattel.at\/es\/wp-json\/wp\/v2\/product_tag?post=2823"}],"curies":[{"name":"wp","href":"https:\/\/api.w.org\/{rel}","templated":true}]}}