{"id":2347,"date":"2025-12-06T03:44:33","date_gmt":"2025-12-06T03:44:33","guid":{"rendered":"https:\/\/www.hidalgo-sattel.at\/?post_type=product&#038;p=2347"},"modified":"2025-12-14T09:16:31","modified_gmt":"2025-12-14T09:16:31","slug":"patagonia","status":"publish","type":"product","link":"https:\/\/www.hidalgo-sattel.at\/es\/product\/patagonia\/","title":{"rendered":"Patagonia"},"content":{"rendered":"<p>El Hidalgo Patagonia es una silla de trail con \u00e1rbol de cuero premium dise\u00f1ada para comodidad en largas distancias, excelente adaptabilidad y distribuci\u00f3n excepcional de la presi\u00f3n.<\/p>\n<p>Caracter\u00edsticas principales<\/p>\n<ul>\n<li>Asiento extremadamente suave y acolchado para horas de monta c\u00f3moda<\/li>\n<li>\u00c1rbol de cuero flexible Hidalgo que se adapta de forma natural al lomo del caballo<\/li>\n<li>Rendimiento comprobado: probado durante m\u00e1s de 10 a\u00f1os en rutas de larga distancia y monta\u00f1a<\/li>\n<li>Distribuci\u00f3n de presi\u00f3n excepcional gracias a la superficie de apoyo extra ancha<\/li>\n<li>Peque\u00f1o bloque externo para la rodilla, con bloques alternativos opcionales disponibles<\/li>\n<li>Excepcional despeje de la cruz gracias al dise\u00f1o especial recortado en la parte frontal<\/li>\n<li>Sin placa r\u00edgida en el canal, permitiendo m\u00e1xima libertad de movimiento<\/li>\n<li>Ajuste personalizable con paneles de Velcro Hidalgo en la longitud requerida<\/li>\n<li>Todos los colores disponibles seg\u00fan el stock actual<\/li>\n<\/ul>\n<p>Si desea personalizar su silla, cont\u00e1ctenos para configurar su Silla de Ensue\u00f1o.<\/p>","protected":false},"excerpt":{"rendered":"<p>Sill\u00edn de trekking con arz\u00f3n de cuero<\/p>\n<p>Desde 2.640 \u20ac \u2013 (Especial)<\/p>\n<p>Desde 2.990 \u20ac \u2013 (Premium)<\/p>","protected":false},"featured_media":2351,"comment_status":"open","ping_status":"closed","template":"","meta":[],"product_brand":[],"product_cat":[25,48],"product_tag":[],"class_list":{"0":"post-2347","1":"product","2":"type-product","3":"status-publish","4":"has-post-thumbnail","6":"product_cat-leather-tree","7":"product_cat-trekking","9":"first","10":"instock","11":"shipping-taxable","12":"product-type-simple"},"_links":{"self":[{"href":"https:\/\/www.hidalgo-sattel.at\/es\/wp-json\/wp\/v2\/product\/2347","targetHints":{"allow":["GET"]}}],"collection":[{"href":"https:\/\/www.hidalgo-sattel.at\/es\/wp-json\/wp\/v2\/product"}],"about":[{"href":"https:\/\/www.hidalgo-sattel.at\/es\/wp-json\/wp\/v2\/types\/product"}],"replies":[{"embeddable":true,"href":"https:\/\/www.hidalgo-sattel.at\/es\/wp-json\/wp\/v2\/comments?post=2347"}],"wp:featuredmedia":[{"embeddable":true,"href":"https:\/\/www.hidalgo-sattel.at\/es\/wp-json\/wp\/v2\/media\/2351"}],"wp:attachment":[{"href":"https:\/\/www.hidalgo-sattel.at\/es\/wp-json\/wp\/v2\/media?parent=2347"}],"wp:term":[{"taxonomy":"product_brand","embeddable":true,"href":"https:\/\/www.hidalgo-sattel.at\/es\/wp-json\/wp\/v2\/product_brand?post=2347"},{"taxonomy":"product_cat","embeddable":true,"href":"https:\/\/www.hidalgo-sattel.at\/es\/wp-json\/wp\/v2\/product_cat?post=2347"},{"taxonomy":"product_tag","embeddable":true,"href":"https:\/\/www.hidalgo-sattel.at\/es\/wp-json\/wp\/v2\/product_tag?post=2347"}],"curies":[{"name":"wp","href":"https:\/\/api.w.org\/{rel}","templated":true}]}}