{"id":1773,"date":"2025-12-10T09:09:50","date_gmt":"2025-12-10T09:09:50","guid":{"rendered":"https:\/\/www.hidalgo-sattel.at\/?post_type=product&#038;p=1773"},"modified":"2025-12-17T06:52:28","modified_gmt":"2025-12-17T06:52:28","slug":"chicago","status":"publish","type":"product","link":"https:\/\/www.hidalgo-sattel.at\/es\/product\/chicago\/","title":{"rendered":"Chicago"},"content":{"rendered":"<p>La silla de doma con armaz\u00f3n de cuero Chicago impresiona con un dise\u00f1o moderno y el probado armaz\u00f3n de cuero de Hidalgo.<\/p>\n<ul>\n<li>Probada durante muchos a\u00f1os \u2013 excelente distribuci\u00f3n de la presi\u00f3n.<\/li>\n<li>Sin placa de canal \u2013 flexible y respetuosa con el caballo.<\/li>\n<li>Ajustable individualmente: tallas de asiento y paneles seg\u00fan se necesite.<\/li>\n<li>Sistema especial de rodillera: zona suave + rodillera adicional de velcro en diferentes alturas = posici\u00f3n perfecta de la rodilla.<\/li>\n<li>Asiento excelente, profundo y muy seguro \u2013 para una sensaci\u00f3n de equitaci\u00f3n inmejorable.<\/li>\n<\/ul>\n<p>&nbsp;<\/p>\n<div style=\"all: initial !important;\"><\/div>\n<p>&nbsp;<\/p>","protected":false},"excerpt":{"rendered":"<p>Silla inglesa con armaz\u00f3n de cuero<\/p>\n<p>Desde 2.640 \u20ac \u2013 (Especial)<\/p>\n<p>Desde 2.990 \u20ac \u2013 (Premium)<\/p>","protected":false},"featured_media":1774,"comment_status":"open","ping_status":"closed","template":"","meta":[],"product_brand":[],"product_cat":[54,25],"product_tag":[],"class_list":{"0":"post-1773","1":"product","2":"type-product","3":"status-publish","4":"has-post-thumbnail","6":"product_cat-english-dressage-islandic","7":"product_cat-leather-tree","9":"first","10":"instock","11":"shipping-taxable","12":"product-type-simple"},"_links":{"self":[{"href":"https:\/\/www.hidalgo-sattel.at\/es\/wp-json\/wp\/v2\/product\/1773","targetHints":{"allow":["GET"]}}],"collection":[{"href":"https:\/\/www.hidalgo-sattel.at\/es\/wp-json\/wp\/v2\/product"}],"about":[{"href":"https:\/\/www.hidalgo-sattel.at\/es\/wp-json\/wp\/v2\/types\/product"}],"replies":[{"embeddable":true,"href":"https:\/\/www.hidalgo-sattel.at\/es\/wp-json\/wp\/v2\/comments?post=1773"}],"wp:featuredmedia":[{"embeddable":true,"href":"https:\/\/www.hidalgo-sattel.at\/es\/wp-json\/wp\/v2\/media\/1774"}],"wp:attachment":[{"href":"https:\/\/www.hidalgo-sattel.at\/es\/wp-json\/wp\/v2\/media?parent=1773"}],"wp:term":[{"taxonomy":"product_brand","embeddable":true,"href":"https:\/\/www.hidalgo-sattel.at\/es\/wp-json\/wp\/v2\/product_brand?post=1773"},{"taxonomy":"product_cat","embeddable":true,"href":"https:\/\/www.hidalgo-sattel.at\/es\/wp-json\/wp\/v2\/product_cat?post=1773"},{"taxonomy":"product_tag","embeddable":true,"href":"https:\/\/www.hidalgo-sattel.at\/es\/wp-json\/wp\/v2\/product_tag?post=1773"}],"curies":[{"name":"wp","href":"https:\/\/api.w.org\/{rel}","templated":true}]}}