{"id":888,"date":"2025-10-15T03:27:14","date_gmt":"2025-10-15T03:27:14","guid":{"rendered":"https:\/\/hidalgosattel.wizardswp.com\/?page_id=888"},"modified":"2026-03-27T04:36:26","modified_gmt":"2026-03-27T04:36:26","slug":"right-of-withdrawal","status":"publish","type":"page","link":"https:\/\/www.hidalgo-sattel.at\/es\/right-of-withdrawal\/","title":{"rendered":"Derecho de Desistimiento"},"content":{"rendered":"<style>.elementor-888 .elementor-element.elementor-element-9988b12{--display:flex;--flex-direction:row;--container-widget-width:calc( ( 1 - var( --container-widget-flex-grow ) ) * 100% );--container-widget-height:100%;--container-widget-flex-grow:1;--container-widget-align-self:stretch;--flex-wrap-mobile:wrap;--align-items:stretch;--gap:10px 10px;--row-gap:10px;--column-gap:10px;--overlay-opacity:0.75;--padding-top:180px;--padding-bottom:180px;--padding-left:0px;--padding-right:0px;}.elementor-888 .elementor-element.elementor-element-9988b12:not(.elementor-motion-effects-element-type-background), .elementor-888 .elementor-element.elementor-element-9988b12 > .elementor-motion-effects-container > .elementor-motion-effects-layer{background-image:url(\"https:\/\/www.hidalgo-sattel.at\/wp-content\/uploads\/2025\/10\/imgi_36_489672434_18496223683004965_6420662110887302293_n.webp\");background-position:center center;background-repeat:no-repeat;background-size:cover;}.elementor-888 .elementor-element.elementor-element-9988b12::before, .elementor-888 .elementor-element.elementor-element-9988b12 > .elementor-background-video-container::before, .elementor-888 .elementor-element.elementor-element-9988b12 > .e-con-inner > .elementor-background-video-container::before, .elementor-888 .elementor-element.elementor-element-9988b12 > .elementor-background-slideshow::before, .elementor-888 .elementor-element.elementor-element-9988b12 > .e-con-inner > .elementor-background-slideshow::before, .elementor-888 .elementor-element.elementor-element-9988b12 > .elementor-motion-effects-container > .elementor-motion-effects-layer::before{--background-overlay:'';background-color:#070400;}.elementor-888 .elementor-element.elementor-element-063d657{--display:flex;}.elementor-888 .elementor-element.elementor-element-632e05f{text-align:start;}.elementor-888 .elementor-element.elementor-element-632e05f .elementor-heading-title{font-family:var( --e-global-typography-secondary-font-family ), Sans-serif;font-size:var( --e-global-typography-secondary-font-size );font-weight:var( --e-global-typography-secondary-font-weight );line-height:var( --e-global-typography-secondary-line-height );color:#FFFFFF;}.elementor-888 .elementor-element.elementor-element-1f834cf .elementor-icon-list-items:not(.elementor-inline-items) .elementor-icon-list-item:not(:last-child){padding-block-end:calc(6px\/2);}.elementor-888 .elementor-element.elementor-element-1f834cf .elementor-icon-list-items:not(.elementor-inline-items) .elementor-icon-list-item:not(:first-child){margin-block-start:calc(6px\/2);}.elementor-888 .elementor-element.elementor-element-1f834cf .elementor-icon-list-items.elementor-inline-items .elementor-icon-list-item{margin-inline:calc(6px\/2);}.elementor-888 .elementor-element.elementor-element-1f834cf .elementor-icon-list-items.elementor-inline-items{margin-inline:calc(-6px\/2);}.elementor-888 .elementor-element.elementor-element-1f834cf .elementor-icon-list-items.elementor-inline-items .elementor-icon-list-item:after{inset-inline-end:calc(-6px\/2);}.elementor-888 .elementor-element.elementor-element-1f834cf .elementor-icon-list-icon i{color:var( --e-global-color-secondary );transition:color 0.3s;}.elementor-888 .elementor-element.elementor-element-1f834cf .elementor-icon-list-icon svg{fill:var( --e-global-color-secondary );transition:fill 0.3s;}.elementor-888 .elementor-element.elementor-element-1f834cf{--e-icon-list-icon-size:14px;--e-icon-list-icon-align:left;--e-icon-list-icon-margin:0 calc(var(--e-icon-list-icon-size, 1em) * 0.25) 0 0;}.elementor-888 .elementor-element.elementor-element-1f834cf .elementor-icon-list-icon{padding-inline-end:3px;}.elementor-888 .elementor-element.elementor-element-1f834cf .elementor-icon-list-item > .elementor-icon-list-text, .elementor-888 .elementor-element.elementor-element-1f834cf .elementor-icon-list-item > a{font-family:var( --e-global-typography-text-font-family ), Sans-serif;font-size:var( --e-global-typography-text-font-size );font-weight:var( --e-global-typography-text-font-weight );line-height:var( --e-global-typography-text-line-height );}.elementor-888 .elementor-element.elementor-element-1f834cf .elementor-icon-list-text{color:#FFFFFF;transition:color 0.3s;}.elementor-888 .elementor-element.elementor-element-03625c0{--display:flex;--padding-top:80px;--padding-bottom:80px;--padding-left:0px;--padding-right:0px;}.elementor-888 .elementor-element.elementor-element-eb5c463.elementor-element{--align-self:flex-end;}.elementor-888 .elementor-element.elementor-element-c42b819.elementor-element{--align-self:flex-end;}:root{--page-title-display:none;}@media(min-width:1025px){.elementor-888 .elementor-element.elementor-element-9988b12:not(.elementor-motion-effects-element-type-background), .elementor-888 .elementor-element.elementor-element-9988b12 > .elementor-motion-effects-container > .elementor-motion-effects-layer{background-attachment:fixed;}}@media(max-width:1024px){.elementor-888 .elementor-element.elementor-element-9988b12{--padding-top:100px;--padding-bottom:120px;--padding-left:20px;--padding-right:20px;}.elementor-888 .elementor-element.elementor-element-632e05f .elementor-heading-title{font-size:var( --e-global-typography-secondary-font-size );line-height:var( --e-global-typography-secondary-line-height );}.elementor-888 .elementor-element.elementor-element-1f834cf .elementor-icon-list-item > .elementor-icon-list-text, .elementor-888 .elementor-element.elementor-element-1f834cf .elementor-icon-list-item > a{font-size:var( --e-global-typography-text-font-size );line-height:var( --e-global-typography-text-line-height );}.elementor-888 .elementor-element.elementor-element-03625c0{--padding-top:80px;--padding-bottom:80px;--padding-left:20px;--padding-right:20px;}}@media(max-width:767px){.elementor-888 .elementor-element.elementor-element-9988b12{--padding-top:80px;--padding-bottom:80px;--padding-left:20px;--padding-right:20px;}.elementor-888 .elementor-element.elementor-element-632e05f .elementor-heading-title{font-size:var( --e-global-typography-secondary-font-size );line-height:var( --e-global-typography-secondary-line-height );}.elementor-888 .elementor-element.elementor-element-1f834cf .elementor-icon-list-item > .elementor-icon-list-text, .elementor-888 .elementor-element.elementor-element-1f834cf .elementor-icon-list-item > a{font-size:var( --e-global-typography-text-font-size );line-height:var( --e-global-typography-text-line-height );}.elementor-888 .elementor-element.elementor-element-03625c0{--padding-top:60px;--padding-bottom:60px;--padding-left:20px;--padding-right:20px;}}<\/style>\t\t<div data-elementor-type=\"wp-page\" data-elementor-id=\"888\" class=\"elementor elementor-888\" data-elementor-post-type=\"page\">\n\t\t\t\t<div class=\"elementor-element elementor-element-9988b12 e-flex e-con-boxed e-con e-parent\" data-id=\"9988b12\" data-element_type=\"container\" data-e-type=\"container\" data-settings=\"{&quot;background_background&quot;:&quot;classic&quot;}\">\n\t\t\t\t\t<div class=\"e-con-inner\">\n\t\t<div class=\"elementor-element elementor-element-063d657 e-con-full e-flex e-con e-child\" data-id=\"063d657\" data-element_type=\"container\" data-e-type=\"container\" data-settings=\"{&quot;background_background&quot;:&quot;classic&quot;}\">\n\t\t\t\t<div class=\"elementor-element elementor-element-632e05f elementor-widget elementor-widget-heading\" data-id=\"632e05f\" data-element_type=\"widget\" data-e-type=\"widget\" data-widget_type=\"heading.default\">\n\t\t\t\t\t<h2 class=\"elementor-heading-title elementor-size-default\">Derecho de Desistimiento<\/h2>\t\t\t\t<\/div>\n\t\t\t\t<div class=\"elementor-element elementor-element-1f834cf elementor-icon-list--layout-inline elementor-list-item-link-full_width elementor-widget elementor-widget-icon-list\" data-id=\"1f834cf\" data-element_type=\"widget\" data-e-type=\"widget\" data-widget_type=\"icon-list.default\">\n\t\t\t\t\t\t\t<ul class=\"elementor-icon-list-items elementor-inline-items\">\n\t\t\t\t\t\t\t<li class=\"elementor-icon-list-item elementor-inline-item\">\n\t\t\t\t\t\t\t\t\t\t\t<a href=\"https:\/\/www.hidalgo-sattel.at\/es\">\n\n\t\t\t\t\t\t\t\t\t\t\t<span class=\"elementor-icon-list-text\"><span style=\"color: #EFC664\">Inicio<\/span>\n\t\t\t\t\t\t\t\t\t\t\t<\/a>\n\t\t\t\t\t\t\t\t\t<\/li>\n\t\t\t\t\t\t\t\t<li class=\"elementor-icon-list-item elementor-inline-item\">\n\t\t\t\t\t\t\t\t\t\t\t<span class=\"elementor-icon-list-icon\">\n\t\t\t\t\t\t\t<i aria-hidden=\"true\" class=\"jki jki-right-arrow-3\"><\/i>\t\t\t\t\t\t<\/span>\n\t\t\t\t\t\t\t\t\t\t<span class=\"elementor-icon-list-text\">Derecho de Desistimiento<\/span>\n\t\t\t\t\t\t\t\t\t<\/li>\n\t\t\t\t\t\t<\/ul>\n\t\t\t\t\t\t<\/div>\n\t\t\t\t<\/div>\n\t\t\t\t\t<\/div>\n\t\t\t\t<\/div>\n\t\t<div class=\"elementor-element elementor-element-03625c0 e-flex e-con-boxed e-con e-parent\" data-id=\"03625c0\" data-element_type=\"container\" data-e-type=\"container\">\n\t\t\t\t\t<div class=\"e-con-inner\">\n\t\t\t\t<div class=\"elementor-element elementor-element-eb5c463 elementor-widget elementor-widget-shortcode\" data-id=\"eb5c463\" data-element_type=\"widget\" data-e-type=\"widget\" data-widget_type=\"shortcode.default\">\n\t\t\t\t\t\t\t<div class=\"elementor-shortcode\"><div class=\"printfriendly pf-button  pf-alignleft\">\n                    <a href=\"#\" rel=\"nofollow\" onclick=\"window.print(); return false;\" title=\"Versi\u00f3n para imprimir, PDF y correo electr\u00f3nico\">\n                    <img decoding=\"async\" class=\"pf-button-img\" src=\"https:\/\/cdn.printfriendly.com\/buttons\/printfriendly-pdf-button.png\" alt=\"Print Friendly, PDF & Email\" style=\"width: 112px;height: 24px;\"  \/>\n                    <\/a>\n                <\/div><\/div>\n\t\t\t\t\t\t<\/div>\n\t\t\t\t<div class=\"elementor-element elementor-element-e063d04 elementor-widget elementor-widget-text-editor\" data-id=\"e063d04\" data-element_type=\"widget\" data-e-type=\"widget\" data-widget_type=\"text-editor.default\">\n\t\t\t\t\t\t\t\t\t<p><strong>Derecho de Desistimiento<\/strong><\/p><p>Tiene usted derecho a desistir del presente contrato en un plazo de catorce d\u00edas sin necesidad de justificaci\u00f3n.<br \/>El plazo de desistimiento es de catorce d\u00edas a partir del d\u00eda<\/p><ul><li>En el que usted o un tercero por usted indicado, que no sea el transportista, haya tomado posesi\u00f3n de los bienes, siempre que haya pedido uno o m\u00e1s bienes como parte de un \u00fanico pedido y estos se entreguen en una sola entrega; o<\/li><li>En el que usted o un tercero por usted indicado, que no sea el transportista, haya tomado posesi\u00f3n del \u00faltimo bien, siempre que haya pedido varios bienes como parte de un \u00fanico pedido y estos se entreguen por separado; o<\/li><li>En el que usted o un tercero indicado por usted, que no sea el transportista, haya tomado posesi\u00f3n del \u00faltimo env\u00edo parcial o de la \u00faltima pieza, siempre que las mercanc\u00edas se entreguen en varios env\u00edos parciales o piezas.<\/li><\/ul><p>Para ejercer su derecho de desistimiento, deber\u00e1 informarnos:<br \/>HIDALGO SATTEL, Tullastrasse 28, 79369 Whyl am Kaiserstuhl, GERMANY<br \/>Correo electr\u00f3nico: office@hidalgo-sattel.com<br \/>Tel\u00e9fono: +43 699 15334461<\/p><p>Mediante una declaraci\u00f3n inequ\u00edvoca (por ejemplo, una carta enviada por correo postal o correo electr\u00f3nico) en la que manifieste su decisi\u00f3n de desistir del presente contrato. Puede utilizar el modelo de formulario de desistimiento adjunto, aunque su uso no es obligatorio.<\/p><p>Para cumplir el plazo de desistimiento, basta con que la notificaci\u00f3n del ejercicio del derecho de desistimiento sea enviada antes de que venza el plazo correspondiente.<\/p><p><strong>Efectos de la abstinencia<\/strong><\/p><p>Si desiste de este contrato, le reembolsaremos todos los pagos que hayamos recibido de usted, incluidos los gastos de env\u00edo (con la excepci\u00f3n de cualquier coste adicional resultante de su elecci\u00f3n de un tipo de env\u00edo diferente al env\u00edo est\u00e1ndar menos costoso que ofrezcamos), sin ninguna demora indebida y a m\u00e1s tardar catorce d\u00edas a partir del d\u00eda en que recibamos su notificaci\u00f3n de desistimiento de este contrato.<\/p><p>Utilizaremos el mismo medio de pago para este reembolso que usted utiliz\u00f3 para la transacci\u00f3n original, a menos que se acuerde expresamente lo contrario con usted; bajo ninguna circunstancia se le cobrar\u00e1 ninguna tarifa por este reembolso.<\/p><p>Podremos negarnos a reembolsarle el dinero hasta que hayamos recibido los productos o hasta que usted haya proporcionado prueba de que ha devuelto los productos, lo que ocurra primero.<\/p><p>Debe devolvernos o entregarnos la mercanc\u00eda sin demora indebida y, en cualquier caso, en un plazo m\u00e1ximo de catorce d\u00edas a partir de la fecha en que nos notifique su desistimiento del presente contrato. Se considerar\u00e1 cumplido el plazo si env\u00eda la mercanc\u00eda antes de que transcurra dicho plazo.<br \/>Usted correr\u00e1 con el coste directo de la devoluci\u00f3n de la mercanc\u00eda.<\/p><p>Usted solo ser\u00e1 responsable de la disminuci\u00f3n del valor de los bienes si dicha p\u00e9rdida de valor resulta de una manipulaci\u00f3n de los bienes que vaya m\u00e1s all\u00e1 de lo necesario para establecer su naturaleza, caracter\u00edsticas y funcionamiento.<\/p><p>(Si desea rescindir el contrato, rellene este formulario y env\u00edenoslo.)<\/p><p>A:<br \/>HIDALGO SATTEL, Tullastrasse 28, 79369 Whyl am Kaiserstuhl, GERMANY<br \/>Correo electr\u00f3nico: office@hidalgo-sattel.com<\/p><p>Por la presente, yo\/nosotros () desisto del contrato celebrado por m\u00ed\/nosotros () en relaci\u00f3n con la compra de los siguientes bienes:<\/p><p>la prestaci\u00f3n del siguiente servicio:<\/p><p>\u2014 Pedido el _________ \/ recibido el _________<br \/>\u2014 Nombre del consumidor(es):<br \/>\u2014 Direcci\u00f3n del consumidor(es):<br \/>\u2014 Firma del\/de los consumidor(es) (solo si se presenta en papel)<br \/>- Fecha: _________<\/p>\t\t\t\t\t\t\t\t<\/div>\n\t\t\t\t<div class=\"elementor-element elementor-element-c42b819 elementor-widget elementor-widget-shortcode\" data-id=\"c42b819\" data-element_type=\"widget\" data-e-type=\"widget\" data-widget_type=\"shortcode.default\">\n\t\t\t\t\t\t\t<div class=\"elementor-shortcode\"><div class=\"printfriendly pf-button  pf-alignleft\">\n                    <a href=\"#\" rel=\"nofollow\" onclick=\"window.print(); return false;\" title=\"Versi\u00f3n para imprimir, PDF y correo electr\u00f3nico\">\n                    <img decoding=\"async\" class=\"pf-button-img\" src=\"https:\/\/cdn.printfriendly.com\/buttons\/printfriendly-pdf-button.png\" alt=\"Print Friendly, PDF & Email\" style=\"width: 112px;height: 24px;\"  \/>\n                    <\/a>\n                <\/div><\/div>\n\t\t\t\t\t\t<\/div>\n\t\t\t\t\t<\/div>\n\t\t\t\t<\/div>\n\t\t\t\t<\/div>","protected":false},"excerpt":{"rendered":"<p>Home Right of Withdrawal You have the right to withdraw from this contract within fourteen days without giving any reason.The withdrawal period is fourteen days from the day On which you or a third party named by you, who is not the carrier, have taken possession of the goods, provided that you ordered one or [&hellip;]<\/p>\n","protected":false},"author":1,"featured_media":0,"parent":0,"menu_order":0,"comment_status":"closed","ping_status":"closed","template":"","meta":{"footnotes":""},"class_list":["post-888","page","type-page","status-publish","hentry"],"_links":{"self":[{"href":"https:\/\/www.hidalgo-sattel.at\/es\/wp-json\/wp\/v2\/pages\/888","targetHints":{"allow":["GET"]}}],"collection":[{"href":"https:\/\/www.hidalgo-sattel.at\/es\/wp-json\/wp\/v2\/pages"}],"about":[{"href":"https:\/\/www.hidalgo-sattel.at\/es\/wp-json\/wp\/v2\/types\/page"}],"author":[{"embeddable":true,"href":"https:\/\/www.hidalgo-sattel.at\/es\/wp-json\/wp\/v2\/users\/1"}],"replies":[{"embeddable":true,"href":"https:\/\/www.hidalgo-sattel.at\/es\/wp-json\/wp\/v2\/comments?post=888"}],"version-history":[{"count":25,"href":"https:\/\/www.hidalgo-sattel.at\/es\/wp-json\/wp\/v2\/pages\/888\/revisions"}],"predecessor-version":[{"id":3343,"href":"https:\/\/www.hidalgo-sattel.at\/es\/wp-json\/wp\/v2\/pages\/888\/revisions\/3343"}],"wp:attachment":[{"href":"https:\/\/www.hidalgo-sattel.at\/es\/wp-json\/wp\/v2\/media?parent=888"}],"curies":[{"name":"wp","href":"https:\/\/api.w.org\/{rel}","templated":true}]}}