{"id":852,"date":"2025-10-14T06:38:41","date_gmt":"2025-10-14T06:38:41","guid":{"rendered":"https:\/\/hidalgosattel.wizardswp.com\/?page_id=852"},"modified":"2026-03-31T12:27:47","modified_gmt":"2026-03-31T12:27:47","slug":"data-protection","status":"publish","type":"page","link":"https:\/\/www.hidalgo-sattel.at\/es\/data-protection\/","title":{"rendered":"Protecci\u00f3n de datos"},"content":{"rendered":"<ul>\n<li>Inicio<\/li>\n<li><\/li>\n<\/ul>\n<p data-start=\"0\" data-end=\"19\"><strong>Contenido y dise\u00f1o:<\/strong><\/p>\n<p data-start=\"21\" data-end=\"519\">Hidalgo Saddle no asume ninguna responsabilidad ni garant\u00eda por la informaci\u00f3n proporcionada en este sitio web. Todos los textos y dise\u00f1os gr\u00e1ficos publicados en este sitio web est\u00e1n protegidos por derechos de autor. Queda prohibida cuHidalgo Saddle n'assume aucune responsabilit\u00e9 ni garantie pour les informations fournies sur ce site web. Tous les textes et graphismes publi\u00e9s sur ce site web sont prot\u00e9g\u00e9s par le droit d'auteur. Toute reproduction ou publication des textes et graphismes disponibles sur ce site web n'est pas autoris\u00e9e sans consultation pr\u00e9alable avec Hidalgo Saddle. Hidalgo Saddle ne v\u00e9rifie ni le contenu ni la validit\u00e9 juridique des sites web li\u00e9s et n'assume donc aucune responsabilit\u00e9 pour les repr\u00e9sentations ou contenus ill\u00e9gaux.alquier reproducci\u00f3n o publicaci\u00f3n de los textos y dise\u00f1os gr\u00e1ficos disponibles en este sitio web sin consulta previa con Hidalgo Saddle. Hidalgo Saddle no revisa el contenido ni la validez legal de ning\u00fan sitio web vinculado y, por lo tanto, no asume ninguna responsabilidad por representaciones o contenidos il\u00edcitos.<\/p>\n<p data-start=\"521\" data-end=\"535\"><strong>Pol\u00edtica de privacidad<\/strong><\/p>\n<p data-start=\"537\" data-end=\"786\">Este sitio web es operado por Hidalgo Sattel, Galvanistr. 18, 4040 Linz, Alta Austria, en adelante \u00abnosotros\u00bb e \u00abHidalgo\u00bb. Esta pol\u00edtica de privacidad describe qu\u00e9 datos recopilamos durante su visita a este sitio web y con qu\u00e9 finalidad los utilizamos.<\/p>\n<p data-start=\"788\" data-end=\"911\">Por lo tanto, le pedimos que lea atentamente la siguiente pol\u00edtica de privacidad antes de aceptarla y continuar utilizando el sitio web.<\/p>\n<p data-start=\"913\" data-end=\"941\">Alcance de esta pol\u00edtica de privacidad<\/p>\n<p data-start=\"943\" data-end=\"1114\">Esta pol\u00edtica de privacidad le informa a usted, como usuario de este sitio web, sobre el tipo, el alcance y el prop\u00f3sito de la recopilaci\u00f3n y el uso de datos personales, como las cookies, en este sitio web.<\/p>\n<p data-start=\"714\" data-end=\"741\"><strong data-start=\"714\" data-end=\"739\">Shipping and Delivery<\/strong><\/p>\n<p data-start=\"748\" data-end=\"915\">To fulfill your order, we share your personal data (such as your name and delivery address) with the shipping service provider responsible for delivering your order.<\/p>\n<p data-start=\"922\" data-end=\"1081\">For this purpose, we use <span class=\"hover:entity-accent entity-underline inline cursor-pointer align-baseline\"><span class=\"whitespace-normal\">DHL<\/span><\/span>. Your data will be transferred solely for the purpose of order delivery and shipment tracking.<\/p>\n<p data-start=\"1187\" data-end=\"1288\">Where applicable, the shipping provider may contact you via email or SMS or WhatsApp to provide delivery updates.<\/p>\n<p data-start=\"1116\" data-end=\"1133\"><strong>\u00bfQu\u00e9 son las cookies?<\/strong><\/p>\n<p data-start=\"1135\" data-end=\"1849\">Una \"cookie\" es una secuencia de caracteres de texto que un servidor web transmite al archivo de cookies de su navegador en el disco duro de su ordenador. Esto permite que el sitio web le reconozca cuando se establece una (nueva) conexi\u00f3n entre el servidor web y su navegador. Por lo tanto, el objetivo principal de una cookie es identificar a los visitantes del sitio web y analizar datos no personales para obtener informaci\u00f3n sobre la hora, la ubicaci\u00f3n y el uso de nuestro sitio web. Utilizamos tanto \"cookies de sesi\u00f3n\", que se almacenan temporalmente hasta que abandona el sitio web, como \"cookies persistentes o de seguimiento\", que permanecen en el archivo de cookies de su navegador durante un periodo m\u00e1s largo para transmitir informaci\u00f3n al servidor cuando regresa al sitio web.<\/p>\n<p data-start=\"1851\" data-end=\"1901\">\u00bfQu\u00e9 cookies y datos se almacenan en este sitio web?<\/p>\n<p data-start=\"1903\" data-end=\"2012\">Este sitio web almacena \u201ccookies propias\u201d para medir y optimizar el comportamiento del usuario en funci\u00f3n de datos (no) personales.<\/p>\n<p data-start=\"2014\" data-end=\"2178\">a. La herramienta utilizada para este fin es \u00abGoogle Analytics\u00bb. En concreto, se utilizan las siguientes cookies anal\u00edticas con la configuraci\u00f3n predeterminada y se almacenan durante 30 d\u00edas:<\/p>\n<p data-start=\"2180\" data-end=\"2194\">\u2022 _ga<br data-start=\"2185\" data-end=\"2188\" \/>\u2022 _gat<\/p>\n<p data-start=\"2196\" data-end=\"2453\">Estas cookies son instaladas por Google Analytics y nos permiten monitorizar el uso de este sitio web y mejorar la experiencia del usuario. Recopilan datos an\u00f3nimos como el n\u00famero de visitantes, el \u00faltimo sitio web visitado y las p\u00e1ginas visitadas en este sitio web.<\/p>\n<p data-start=\"2455\" data-end=\"2525\">b. La siguiente cookie tambi\u00e9n se almacena durante su visita:<\/p>\n<p data-start=\"2527\" data-end=\"2538\">\u2022 phpsessid<\/p>\n<p data-start=\"2540\" data-end=\"2678\">Esta cookie identifica tu ID de sesi\u00f3n actual en el servidor web. Se crea al acceder al sitio web y se elimina al abandonarlo.<\/p>\n<p data-start=\"2680\" data-end=\"2706\">Uso y divulgaci\u00f3n de datos<\/p>\n<p data-start=\"2708\" data-end=\"2948\">a. Sus datos solo se compartir\u00e1n con terceros cuando sea necesario para cumplir una orden judicial o gubernamental, o cuando usted lo solicite expl\u00edcitamente. De lo contrario, sus datos, especialmente para fines de marketing, no se compartir\u00e1n con terceros.<\/p>\n<p data-start=\"2950\" data-end=\"3135\">b. Sus datos se conservar\u00e1n durante el tiempo que sea necesario para cumplir con las obligaciones contractuales o los requisitos legales, a menos que se especifique lo contrario en otra parte de esta pol\u00edtica de privacidad.<\/p>\n<p data-start=\"3137\" data-end=\"3481\">c. Los datos personales que usted proporciona en el sitio web se utilizan para mejorar su experiencia durante su visita y para la resoluci\u00f3n de problemas. Adem\u00e1s, sus datos se analizan mediante Google Analytics para evaluar el comportamiento del usuario. Sus datos no se utilizar\u00e1n para fines de contacto ni marketing. Para ello, se requiere un consentimiento por separado, por ejemplo, al suscribirse al bolet\u00edn informativo.<\/p>\n<p data-start=\"3483\" data-end=\"4156\">d. Google Analytics es un servicio de an\u00e1lisis web prestado por Google Inc., 1600 Amphitheatre Parkway, Mountain View, CA 94043, EE. UU. Este servicio utiliza cookies (v\u00e9ase m\u00e1s arriba). La informaci\u00f3n generada por las cookies sobre su uso de este sitio web se transmite generalmente a un servidor de Google en EE. UU. y se almacena all\u00ed. Si la anonimizaci\u00f3n de IP est\u00e1 activada en este sitio web, Google acortar\u00e1 previamente su direcci\u00f3n IP dentro de los estados miembros de la Uni\u00f3n Europea o en otros pa\u00edses parte del Acuerdo sobre el Espacio Econ\u00f3mico Europeo. Solo en casos excepcionales se transmitir\u00e1 la direcci\u00f3n IP completa a un servidor de Google en EE. UU. o en un tercer pa\u00eds y se acortar\u00e1 all\u00ed.<\/p>\n<p data-start=\"4158\" data-end=\"4810\">Google utiliza esta informaci\u00f3n, en nuestro nombre, para evaluar su uso del sitio web, elaborar informes sobre la actividad del sitio web y prestar otros servicios relacionados con el uso del sitio web y de internet al operador del sitio web. La direcci\u00f3n IP transmitida por su navegador como parte de Google Analytics no se combina con otros datos de Google. Puede evitar el almacenamiento de estas cookies configurando su navegador, pero al hacerlo, es posible que se limiten algunas funciones del sitio web. Tambi\u00e9n puede evitar la recopilaci\u00f3n de datos generados por la cookie (incluida su direcci\u00f3n IP) y su procesamiento por parte de Google descargando e instalando el complemento del navegador disponible en el siguiente enlace:<\/p>\n<p data-start=\"4812\" data-end=\"4857\"><a href=\"http:\/\/tools.google.com\/dlpage\/gaoptout?hl=de\" target=\"_new\" rel=\"noopener\" data-start=\"4812\" data-end=\"4857\">http:\/\/tools.google.com\/dlpage\/gaoptout?hl=de<\/a><\/p>\n<p data-start=\"4859\" data-end=\"4992\">Si desea obtener m\u00e1s informaci\u00f3n sobre el tipo, el alcance y la finalidad de los datos recopilados por Google, lea la pol\u00edtica de privacidad de Google.<\/p>\n<p data-start=\"4994\" data-end=\"5023\">Consentimiento para el contacto electr\u00f3nico<\/p>\n<p data-start=\"5025\" data-end=\"5187\">Al aceptar esta pol\u00edtica de privacidad, nos otorga permiso para comunicarnos con usted electr\u00f3nicamente a la direcci\u00f3n de correo electr\u00f3nico proporcionada por usted para informarle sobre nuestras actividades.<\/p>\n<p data-start=\"5189\" data-end=\"5229\">Enlaces a otros sitios web y redes sociales<\/p>\n<p data-start=\"5231\" data-end=\"5558\">a. Este sitio web contiene enlaces a otros sitios web \u00fanicamente con fines informativos. Estos sitios web no est\u00e1n bajo nuestro control y no est\u00e1n cubiertos por esta pol\u00edtica de privacidad. Si activa un enlace, el operador de ese sitio podr\u00eda recopilar datos sobre usted y utilizarlos de acuerdo con su propia pol\u00edtica de privacidad, que puede ser diferente a la nuestra.<\/p>\n<p data-start=\"5560\" data-end=\"5645\">b. Este sitio web tambi\u00e9n permite la interacci\u00f3n con diversas redes sociales a trav\u00e9s de plugins.<\/p>\n<p data-start=\"5647\" data-end=\"5661\">Estos incluyen:<\/p>\n<p data-start=\"5663\" data-end=\"5769\">\u2022 Facebook, operado por Facebook Ireland Ltd, 4 Grand Canal Square, Grand Canal del Puerto, Dubl\u00edn 2, Irlanda<\/p>\n<p data-start=\"5771\" data-end=\"6141\">Al hacer clic en un plugin de cualquiera de estas redes sociales, este se activa y se establece una conexi\u00f3n con el servidor de dicha red. No tenemos control sobre la cantidad ni el contenido de los datos transmitidos al hacer clic en el plugin. Si desea informaci\u00f3n sobre el tipo, el alcance y la finalidad de los datos recopilados por estas redes, consulte las pol\u00edticas de privacidad correspondientes.<\/p>\n<p data-start=\"6143\" data-end=\"6154\">Derechos de usuario<\/p>\n<p data-start=\"6156\" data-end=\"6457\">Tiene derecho a solicitar informaci\u00f3n al responsable del tratamiento sobre sus datos personales, as\u00ed como a la rectificaci\u00f3n, supresi\u00f3n, limitaci\u00f3n del tratamiento, oposici\u00f3n y portabilidad de los datos. Tambi\u00e9n tiene derecho a presentar una reclamaci\u00f3n ante la Autoridad de Protecci\u00f3n de Datos (<a href=\"https:\/\/www.dsb.gv.at\" target=\"_new\" rel=\"noopener\" data-start=\"6434\" data-end=\"6455\">https:\/\/www.dsb.gv.at<\/a>).<\/p>\n<p data-start=\"6459\" data-end=\"6482\">Informaci\u00f3n y contacto<\/p>\n<p data-start=\"6484\" data-end=\"6703\">Si desea informaci\u00f3n sobre los datos almacenados sobre usted, su origen, destinatarios o la finalidad del almacenamiento, o si tiene alguna otra pregunta o solicitud relacionada con este sitio web, p\u00f3ngase en contacto con nosotros en la siguiente direcci\u00f3n:<\/p>\n<p data-start=\"6705\" data-end=\"6807\">Hidalgo Sattel<br data-start=\"6719\" data-end=\"6722\" \/>Galvanistrasse 18<br data-start=\"6739\" data-end=\"6742\" \/>4040 Linz<br data-start=\"6751\" data-end=\"6754\" \/><a rel=\"noopener\" data-start=\"6754\" data-end=\"6779\">office@hidalgo-sattel.com<\/a><br data-start=\"6779\" data-end=\"6782\" \/>Contacto: +4369915334461<\/p>\n<p data-start=\"6809\" data-end=\"6893\">Plataforma de la Comisi\u00f3n Europea para la resoluci\u00f3n de litigios en l\u00ednea: <a href=\"http:\/\/www.ec.europa.eu\/consumers\/odr\" target=\"_new\" rel=\"noopener\" data-start=\"6863\" data-end=\"6893\">www.ec.europa.eu\/consumers\/odr<\/a><\/p>\n<p data-start=\"6895\" data-end=\"7769\" data-is-last-node=\"\" data-is-only-node=\"\"><strong>reCAPTCHA<\/strong><br data-start=\"6904\" data-end=\"6907\" \/>Para proteger sus solicitudes a trav\u00e9s del formulario de internet, utilizamos el servicio reCAPTCHA de Google LLC (Google). La consulta determina si la entrada es realizada por una persona o mediante un procesamiento automatizado y abusivo. La consulta incluye la transmisi\u00f3n de la direcci\u00f3n IP y cualquier otro dato requerido por Google para el servicio reCAPTCHA. Sus datos se transmiten a Google y se utilizan all\u00ed. Google acorta su direcci\u00f3n IP previamente dentro de la UE o en otros estados del EEE. Solo en casos excepcionales se env\u00eda la direcci\u00f3n IP completa a un servidor de Google en EE. UU. y se acorta all\u00ed. Google utiliza esta informaci\u00f3n en nombre del operador del sitio web para evaluar el uso del servicio. La direcci\u00f3n IP transmitida durante reCAPTCHA no se fusiona con otros datos de Google. La pol\u00edtica de privacidad independiente de Google se aplica a estos datos. Puede encontrar m\u00e1s informaci\u00f3n en: <a href=\"https:\/\/policies.google.com\/privacy?hl=de\" target=\"_new\" rel=\"noopener\" data-start=\"7728\" data-end=\"7769\" data-is-last-node=\"\">https:\/\/policies.google.com\/privacy?hl=de<\/a><\/p>","protected":false},"excerpt":{"rendered":"<p>Home Content and design: Hidalgo Saddle assumes no liability or warranty for any information provided on this website. All texts and graphic designs published on this website are protected by copyright. Any reproduction or publication of the texts and graphic designs made available on this website is not permitted without prior consultation with Hidalgo Saddle. [&hellip;]<\/p>\n","protected":false},"author":1,"featured_media":0,"parent":0,"menu_order":0,"comment_status":"closed","ping_status":"closed","template":"","meta":{"footnotes":""},"class_list":["post-852","page","type-page","status-publish","hentry"],"_links":{"self":[{"href":"https:\/\/www.hidalgo-sattel.at\/es\/wp-json\/wp\/v2\/pages\/852","targetHints":{"allow":["GET"]}}],"collection":[{"href":"https:\/\/www.hidalgo-sattel.at\/es\/wp-json\/wp\/v2\/pages"}],"about":[{"href":"https:\/\/www.hidalgo-sattel.at\/es\/wp-json\/wp\/v2\/types\/page"}],"author":[{"embeddable":true,"href":"https:\/\/www.hidalgo-sattel.at\/es\/wp-json\/wp\/v2\/users\/1"}],"replies":[{"embeddable":true,"href":"https:\/\/www.hidalgo-sattel.at\/es\/wp-json\/wp\/v2\/comments?post=852"}],"version-history":[{"count":25,"href":"https:\/\/www.hidalgo-sattel.at\/es\/wp-json\/wp\/v2\/pages\/852\/revisions"}],"predecessor-version":[{"id":3375,"href":"https:\/\/www.hidalgo-sattel.at\/es\/wp-json\/wp\/v2\/pages\/852\/revisions\/3375"}],"wp:attachment":[{"href":"https:\/\/www.hidalgo-sattel.at\/es\/wp-json\/wp\/v2\/media?parent=852"}],"curies":[{"name":"wp","href":"https:\/\/api.w.org\/{rel}","templated":true}]}}