{"id":2357,"date":"2025-11-27T05:32:03","date_gmt":"2025-11-27T05:32:03","guid":{"rendered":"https:\/\/www.hidalgo-sattel.at\/?page_id=2357"},"modified":"2025-12-12T12:30:05","modified_gmt":"2025-12-12T12:30:05","slug":"test-a-hidago","status":"publish","type":"page","link":"https:\/\/www.hidalgo-sattel.at\/es\/test-a-hidago\/","title":{"rendered":"Prueba un Hidago"},"content":{"rendered":"<style>.elementor-2357 .elementor-element.elementor-element-24a1591{--display:flex;--gap:40px 40px;--row-gap:40px;--column-gap:40px;--padding-top:80px;--padding-bottom:80px;--padding-left:20px;--padding-right:20px;}.elementor-2357 .elementor-element.elementor-element-74f3cd3{text-align:center;}.elementor-2357 .elementor-element.elementor-element-74f3cd3 .elementor-heading-title{font-family:\"Playfair Display\", Sans-serif;font-size:34px;font-weight:600;line-height:41px;}.elementor-2357 .elementor-element.elementor-element-d51e51f img{width:100%;height:500px;object-fit:cover;object-position:center center;}:root{--page-title-display:none;}@media(max-width:1024px){.elementor-2357 .elementor-element.elementor-element-24a1591{--padding-top:80px;--padding-bottom:80px;--padding-left:20px;--padding-right:20px;}.elementor-2357 .elementor-element.elementor-element-74f3cd3 .elementor-heading-title{font-size:32px;}}@media(max-width:767px){.elementor-2357 .elementor-element.elementor-element-24a1591{--padding-top:60px;--padding-bottom:60px;--padding-left:20px;--padding-right:20px;}.elementor-2357 .elementor-element.elementor-element-74f3cd3 .elementor-heading-title{font-size:25px;}.elementor-2357 .elementor-element.elementor-element-d51e51f img{height:227px;}}<\/style>\t\t<div data-elementor-type=\"wp-page\" data-elementor-id=\"2357\" class=\"elementor elementor-2357\" data-elementor-post-type=\"page\">\n\t\t\t\t<div class=\"elementor-element elementor-element-24a1591 e-flex e-con-boxed e-con e-parent\" data-id=\"24a1591\" data-element_type=\"container\" data-e-type=\"container\">\n\t\t\t\t\t<div class=\"e-con-inner\">\n\t\t\t\t<div class=\"elementor-element elementor-element-74f3cd3 elementor-widget elementor-widget-heading\" data-id=\"74f3cd3\" data-element_type=\"widget\" data-e-type=\"widget\" data-widget_type=\"heading.default\">\n\t\t\t\t\t<h2 class=\"elementor-heading-title elementor-size-default\">Condiciones de prueba del sill\u00edn Hidalgo<\/h2>\t\t\t\t<\/div>\n\t\t\t\t<div class=\"elementor-element elementor-element-d51e51f elementor-widget elementor-widget-image\" data-id=\"d51e51f\" data-element_type=\"widget\" data-e-type=\"widget\" data-widget_type=\"image.default\">\n\t\t\t\t\t\t\t\t\t\t\t\t\t\t\t<img fetchpriority=\"high\" decoding=\"async\" width=\"800\" height=\"640\" src=\"https:\/\/www.hidalgo-sattel.at\/wp-content\/uploads\/2025\/11\/2810EEF5-80DE-40D1-BF5E-1D8DA4BEDF44-1024x819.jpeg\" class=\"attachment-large size-large wp-image-2462\" alt=\"\" srcset=\"https:\/\/www.hidalgo-sattel.at\/wp-content\/uploads\/2025\/11\/2810EEF5-80DE-40D1-BF5E-1D8DA4BEDF44-1024x819.jpeg 1024w, https:\/\/www.hidalgo-sattel.at\/wp-content\/uploads\/2025\/11\/2810EEF5-80DE-40D1-BF5E-1D8DA4BEDF44-300x240.jpeg 300w, https:\/\/www.hidalgo-sattel.at\/wp-content\/uploads\/2025\/11\/2810EEF5-80DE-40D1-BF5E-1D8DA4BEDF44-768x614.jpeg 768w, https:\/\/www.hidalgo-sattel.at\/wp-content\/uploads\/2025\/11\/2810EEF5-80DE-40D1-BF5E-1D8DA4BEDF44-1536x1229.jpeg 1536w, https:\/\/www.hidalgo-sattel.at\/wp-content\/uploads\/2025\/11\/2810EEF5-80DE-40D1-BF5E-1D8DA4BEDF44-2048x1639.jpeg 2048w, https:\/\/www.hidalgo-sattel.at\/wp-content\/uploads\/2025\/11\/2810EEF5-80DE-40D1-BF5E-1D8DA4BEDF44-15x12.jpeg 15w, https:\/\/www.hidalgo-sattel.at\/wp-content\/uploads\/2025\/11\/2810EEF5-80DE-40D1-BF5E-1D8DA4BEDF44-600x480.jpeg 600w\" sizes=\"(max-width: 800px) 100vw, 800px\" \/>\t\t\t\t\t\t\t\t\t\t\t\t\t\t\t<\/div>\n\t\t\t\t<div class=\"elementor-element elementor-element-8ad04d6 elementor-widget elementor-widget-text-editor\" data-id=\"8ad04d6\" data-element_type=\"widget\" data-e-type=\"widget\" data-widget_type=\"text-editor.default\">\n\t\t\t\t\t\t\t\t\t<p><strong>Queremos darle la oportunidad de probar a fondo su sill\u00edn Hidalgo antes de tomar una decisi\u00f3n de compra final. Abajo encontrar\u00e1 toda la informaci\u00f3n sobre nuestras condiciones de prueba:<\/strong><\/p><h4><strong>Dep\u00f3sito<\/strong><\/h4><p>El dep\u00f3sito equivale al precio de compra del sill\u00edn seleccionado.<br \/>Se debe antes de que comience la prueba. Una factura se puede emitir a solicitud.<\/p><h4><strong>Tarifas de prueba<\/strong><\/h4><ul><li>La tarifa de prueba es \u20ac89 por semana para el primer sill\u00edn probado.<\/li><li>Puede probar el sill\u00edn tantas semanas como desee.<\/li><li>Si desea probar hasta tres sillines, solo paga el dep\u00f3sito del sill\u00edn m\u00e1s caro \u2013 por lo tanto, solo un dep\u00f3sito en total.<\/li><li>Para el segundo y tercer sill\u00edn, la tarifa de prueba es \u20ac45 por semana.<\/li><\/ul><p>Decisi\u00f3n despu\u00e9s de la prueba<\/p><p><strong>Despu\u00e9s del per\u00edodo de prueba, tiene dos opciones:<\/strong><\/p><p><strong>1. Decide quedarse con el sill\u00edn<\/strong><br \/>Si el sill\u00edn est\u00e1 disponible para la venta (lo cual es el caso de casi todos los sillines de prueba) y decide quedarse con \u00e9l,<br \/>el dep\u00f3sito se convierte autom\u00e1ticamente en el precio de compra.<br \/>Recibir\u00e1 la factura correspondiente.<\/p><p><strong>2. Devuelves el sill\u00edn<\/strong><br \/>Si decide devolver el sill\u00edn,<br \/>La tarifa de prueba se deducir\u00e1 del dep\u00f3sito.<br \/>El importe restante del dep\u00f3sito se le reembolsar\u00e1 lo antes posible.<\/p><p>\u2e3b<\/p><h4><strong>\u00bfInteresado en probar un sill\u00edn?<\/strong><\/h4><p>Si est\u00e1s interesado en probar un sill\u00edn Hidalgo,<br \/>Por favor, p\u00f3ngase en contacto con nosotros con antelaci\u00f3n.<br \/>Le brindaremos asesoramiento detallado sobre qu\u00e9 modelos ser\u00edan los m\u00e1s adecuados para su caballo y sus necesidades.<\/p><p>\u2e3b<\/p><h4><strong>Importante: Por favor, p\u00f3ngase en contacto con nosotros en el momento de la entrega.<\/strong><\/h4><p>Tan pronto como la(s) silla(s) de montar llegue(n) a su ubicaci\u00f3n,<br \/>Por favor, p\u00f3ngase en contacto con nosotros para que podamos ayudarle con la instalaci\u00f3n inicial.<br \/>Estaremos encantados de ayudarle en l\u00ednea con el ajuste, especialmente si no tiene a nadie disponible localmente.<\/p><p><strong>Puedes contactarnos por tel\u00e9fono o WhatsApp en:<\/strong><br \/><strong>+43 699 15 33 44 61<\/strong><\/p>\t\t\t\t\t\t\t\t<\/div>\n\t\t\t\t\t<\/div>\n\t\t\t\t<\/div>\n\t\t\t\t<\/div>","protected":false},"excerpt":{"rendered":"<p>Hidalgo Saddle Trial Conditions We want to give you the opportunity to thoroughly test your Hidalgo saddle before making a final purchasing decision. Below you will find all information regarding our trial conditions: Deposit The deposit equals the purchase price of the selected saddle.It is due before the trial begins. An invoice can be issued [&hellip;]<\/p>\n","protected":false},"author":1,"featured_media":0,"parent":0,"menu_order":0,"comment_status":"closed","ping_status":"closed","template":"","meta":{"footnotes":""},"class_list":["post-2357","page","type-page","status-publish","hentry"],"_links":{"self":[{"href":"https:\/\/www.hidalgo-sattel.at\/es\/wp-json\/wp\/v2\/pages\/2357","targetHints":{"allow":["GET"]}}],"collection":[{"href":"https:\/\/www.hidalgo-sattel.at\/es\/wp-json\/wp\/v2\/pages"}],"about":[{"href":"https:\/\/www.hidalgo-sattel.at\/es\/wp-json\/wp\/v2\/types\/page"}],"author":[{"embeddable":true,"href":"https:\/\/www.hidalgo-sattel.at\/es\/wp-json\/wp\/v2\/users\/1"}],"replies":[{"embeddable":true,"href":"https:\/\/www.hidalgo-sattel.at\/es\/wp-json\/wp\/v2\/comments?post=2357"}],"version-history":[{"count":10,"href":"https:\/\/www.hidalgo-sattel.at\/es\/wp-json\/wp\/v2\/pages\/2357\/revisions"}],"predecessor-version":[{"id":2741,"href":"https:\/\/www.hidalgo-sattel.at\/es\/wp-json\/wp\/v2\/pages\/2357\/revisions\/2741"}],"wp:attachment":[{"href":"https:\/\/www.hidalgo-sattel.at\/es\/wp-json\/wp\/v2\/media?parent=2357"}],"curies":[{"name":"wp","href":"https:\/\/api.w.org\/{rel}","templated":true}]}}