{"id":2883,"date":"2025-12-13T12:48:02","date_gmt":"2025-12-13T12:48:02","guid":{"rendered":"https:\/\/www.hidalgo-sattel.at\/?post_type=product&#038;p=2883"},"modified":"2025-12-23T05:22:47","modified_gmt":"2025-12-23T05:22:47","slug":"riding-pad","status":"publish","type":"product","link":"https:\/\/www.hidalgo-sattel.at\/de\/product\/riding-pad\/","title":{"rendered":"RIDALGO"},"content":{"rendered":"<p>RIDALGO Reitpad \u2013 Neu eingetroffen f\u00fcr Pferdeliebhaber!<\/p>\n<p>Suchen Sie eine leichte, flexible und \u00e4u\u00dferst bequeme Sattelunterlage, die sich optimal an den R\u00fccken Ihres Pferdes anpasst?<br \/>\nLernen Sie RIDALGO kennen \u2013 entwickelt f\u00fcr perfekte Passform, Komfort und intelligente Verstellbarkeit.<\/p>\n<ul>\n<li>Vegan und pflegeleicht (Version Fabric)<\/li>\n<li>Offene Steigb\u00fcgelstange mit E-Schnalle \u2013 per Klettverschluss verstellbar f\u00fcr Ihre perfekte Position und optimale Druckverteilung<\/li>\n<li>Beinhaltet HIDALGO Klettkissen nach Wahl+ vordere und hintere Keilkissen sowie Pauschen<\/li>\n<li>Optionale weiche Unterlegscheiben f\u00fcr einen tieferen, sichereren Sitz<\/li>\n<li>Lederversion mit integriertem Lederbaum<\/li>\n<li>Individuelle Farben, Gr\u00f6\u00dfen und eine Option ohne Logo sind verf\u00fcgbar. Standard: kleines Logo Blatt links<\/li>\n<li>Vollst\u00e4ndig kompatibel mit allen HIDALGO-Panelsystemen<\/li>\n<\/ul>\n<p>Hervorragende Gewichts- und Druckverteilung nach mehrst\u00fcndigen Gel\u00e4nderitten (Test mit Port Lewis Impression Pad, Ergebnisse Instagram @hidalgosattel) und ausreichend Platz f\u00fcr die Wirbels\u00e4ule!<\/p>\n<p>Lagernd und auf Bestellung!<br \/>\nHaben Sie Fragen oder Sonderw\u00fcnsche? Schreiben Sie uns jederzeit!<\/p>","protected":false},"excerpt":{"rendered":"<p>Reitpad mit flexiblem Lederbaum<\/p>\n<p>\u20ac 790,- (Fabric - Lederimitat)<\/p>\n<p>\u20ac 1190,- (Wildleder oder Nappaleder)<\/p>","protected":false},"featured_media":2884,"comment_status":"open","ping_status":"closed","template":"","meta":[],"product_brand":[],"product_cat":[42],"product_tag":[],"class_list":{"0":"post-2883","1":"product","2":"type-product","3":"status-publish","4":"has-post-thumbnail","6":"product_cat-riding-pad-and-pony","8":"first","9":"instock","10":"shipping-taxable","11":"product-type-simple"},"_links":{"self":[{"href":"https:\/\/www.hidalgo-sattel.at\/de\/wp-json\/wp\/v2\/product\/2883","targetHints":{"allow":["GET"]}}],"collection":[{"href":"https:\/\/www.hidalgo-sattel.at\/de\/wp-json\/wp\/v2\/product"}],"about":[{"href":"https:\/\/www.hidalgo-sattel.at\/de\/wp-json\/wp\/v2\/types\/product"}],"replies":[{"embeddable":true,"href":"https:\/\/www.hidalgo-sattel.at\/de\/wp-json\/wp\/v2\/comments?post=2883"}],"wp:featuredmedia":[{"embeddable":true,"href":"https:\/\/www.hidalgo-sattel.at\/de\/wp-json\/wp\/v2\/media\/2884"}],"wp:attachment":[{"href":"https:\/\/www.hidalgo-sattel.at\/de\/wp-json\/wp\/v2\/media?parent=2883"}],"wp:term":[{"taxonomy":"product_brand","embeddable":true,"href":"https:\/\/www.hidalgo-sattel.at\/de\/wp-json\/wp\/v2\/product_brand?post=2883"},{"taxonomy":"product_cat","embeddable":true,"href":"https:\/\/www.hidalgo-sattel.at\/de\/wp-json\/wp\/v2\/product_cat?post=2883"},{"taxonomy":"product_tag","embeddable":true,"href":"https:\/\/www.hidalgo-sattel.at\/de\/wp-json\/wp\/v2\/product_tag?post=2883"}],"curies":[{"name":"wp","href":"https:\/\/api.w.org\/{rel}","templated":true}]}}