{"id":2232,"date":"2025-11-20T04:18:17","date_gmt":"2025-11-20T04:18:17","guid":{"rendered":"https:\/\/www.hidalgo-sattel.at\/?post_type=product&#038;p=2232"},"modified":"2025-11-22T09:19:32","modified_gmt":"2025-11-22T09:19:32","slug":"mono-stirrup-leathers-with-t-buckle","status":"publish","type":"product","link":"https:\/\/www.hidalgo-sattel.at\/de\/product\/mono-stirrup-leathers-with-t-buckle\/","title":{"rendered":"Hidalgo Mono Steigb\u00fcgelriemen"},"content":{"rendered":"<p>Steigb\u00fcgelriemen mit Conway-Schlaufe. Mit Haken zum Befestigen. Der Riemen bleibt am Bein d\u00fcnn, reduziert Druck und sorgt f\u00fcr eine komfortable Passform. Die Nylonschlaufe ist mit Leder verst\u00e4rkt. Bestes deutsches Leder von Kilger f\u00fcr h\u00f6chste Anspr\u00fcche! Gr\u00f6\u00dfe ca. 75 cm (sehr gro\u00dfz\u00fcgig verstellbar)<\/p>\n<p>Gewicht 1 kg<\/p>\n<p>Freie Farbwahl bei Sonderanfertigung<\/p>\n<p>Schwarz, Braun<\/p>\n<p>Gr\u00f6\u00dfe<\/p>\n<p>75cm<\/p>","protected":false},"excerpt":{"rendered":"<p>Stirrup leathers with Conway loop. With hooks for attaching. The strap is kept thin on the leg, reducing pressure and ensuring a comfortable fit. The nylon loop is reinforced with leather. Best German leather from Kilger for the highest demands! Size approx. 75 cm (very generously adjustable) Weight 1 kg Color Black, Brown Size 75cm<\/p>","protected":false},"featured_media":2231,"comment_status":"open","ping_status":"closed","template":"","meta":[],"product_brand":[],"product_cat":[47],"product_tag":[],"class_list":{"0":"post-2232","1":"product","2":"type-product","3":"status-publish","4":"has-post-thumbnail","6":"product_cat-accessories","8":"first","9":"instock","10":"shipping-taxable","11":"purchasable","12":"product-type-simple"},"_links":{"self":[{"href":"https:\/\/www.hidalgo-sattel.at\/de\/wp-json\/wp\/v2\/product\/2232","targetHints":{"allow":["GET"]}}],"collection":[{"href":"https:\/\/www.hidalgo-sattel.at\/de\/wp-json\/wp\/v2\/product"}],"about":[{"href":"https:\/\/www.hidalgo-sattel.at\/de\/wp-json\/wp\/v2\/types\/product"}],"replies":[{"embeddable":true,"href":"https:\/\/www.hidalgo-sattel.at\/de\/wp-json\/wp\/v2\/comments?post=2232"}],"wp:featuredmedia":[{"embeddable":true,"href":"https:\/\/www.hidalgo-sattel.at\/de\/wp-json\/wp\/v2\/media\/2231"}],"wp:attachment":[{"href":"https:\/\/www.hidalgo-sattel.at\/de\/wp-json\/wp\/v2\/media?parent=2232"}],"wp:term":[{"taxonomy":"product_brand","embeddable":true,"href":"https:\/\/www.hidalgo-sattel.at\/de\/wp-json\/wp\/v2\/product_brand?post=2232"},{"taxonomy":"product_cat","embeddable":true,"href":"https:\/\/www.hidalgo-sattel.at\/de\/wp-json\/wp\/v2\/product_cat?post=2232"},{"taxonomy":"product_tag","embeddable":true,"href":"https:\/\/www.hidalgo-sattel.at\/de\/wp-json\/wp\/v2\/product_tag?post=2232"}],"curies":[{"name":"wp","href":"https:\/\/api.w.org\/{rel}","templated":true}]}}