{"id":1741,"date":"2025-12-10T11:18:08","date_gmt":"2025-12-10T11:18:08","guid":{"rendered":"https:\/\/www.hidalgo-sattel.at\/?post_type=product&#038;p=1741"},"modified":"2025-12-22T12:38:35","modified_gmt":"2025-12-22T12:38:35","slug":"roma-pft","status":"publish","type":"product","link":"https:\/\/www.hidalgo-sattel.at\/de\/product\/roma-pft\/","title":{"rendered":"Roma PFT"},"content":{"rendered":"<p>Der Roma PFT - ein toller Allrounder!<br \/>\nDank seines flexiblen Polyflex-Baums (PFT) passt sich der Sattel optimal dem Pferder\u00fccken an und gew\u00e4hrleistet maximale Bewegungsfreiheit sowie au\u00dfergew\u00f6hnlichen Komfort f\u00fcr Pferd und Reiter.<\/p>\n<p>Key Features:<\/p>\n<ul>\n<li>Tiefer, bequemer Sitz \u2013 ideal f\u00fcr sicheres und entspanntes Reiten<\/li>\n<li>Kurze Pauschenl\u00e4nge (nur etwa 44\u201345 cm) \u2013 perfekt geeignet f\u00fcr kurzr\u00fcckige Pferde<\/li>\n<li>Breiter Kammerbereich und austauschbare Kammerplatte \u2013 f\u00fcr optimale Anpassung<\/li>\n<li>Weiche, anatomisch geformte \u00e4u\u00dfere Kniepausche \u2013 bietet Unterst\u00fctzung, wenn n\u00f6tig, ohne das Bein einzuschr\u00e4nken<\/li>\n<li>3-Punkt-Gurtsystem \u2013 f\u00fcr eine ausgewogene und stabile Passform<\/li>\n<li>Hochwertiges, elegant verarbeitetes Leder mit einem raffinierten Design<\/li>\n<li>Mit synthetischer Wolle gef\u00fcllte Pauschen \u2013 leicht nachzuf\u00fcllen oder von jedem Sattler anzupassen<\/li>\n<\/ul>\n<p>&nbsp;<\/p>\n<p class=\"translation-block\">Standard colors: Black and Brown (other options available upon request)<br>\r\nSeat sizes: 16\u201d to 20\u201d \u2013 usually in stock in 17\u201d, 17.5\u201d, 18\u201d and 18.5\u201d<\/p>\n<div style=\"all: initial !important;\"><\/div>","protected":false},"excerpt":{"rendered":"<p>Englischer Sattel mit Baum<br \/>\nFlexibler Poly Flex (PFT) Sattelbaum verbaut<br \/>\nAustauschbares Kopfeisen<\/p>\n<p>Preis: 1.790 \u20ac<\/p>","protected":false},"featured_media":2085,"comment_status":"open","ping_status":"closed","template":"","meta":[],"product_brand":[],"product_cat":[43],"product_tag":[],"class_list":{"0":"post-1741","1":"product","2":"type-product","3":"status-publish","4":"has-post-thumbnail","6":"product_cat-poly-flex-tree-pft","8":"first","9":"instock","10":"shipping-taxable","11":"product-type-simple"},"_links":{"self":[{"href":"https:\/\/www.hidalgo-sattel.at\/de\/wp-json\/wp\/v2\/product\/1741","targetHints":{"allow":["GET"]}}],"collection":[{"href":"https:\/\/www.hidalgo-sattel.at\/de\/wp-json\/wp\/v2\/product"}],"about":[{"href":"https:\/\/www.hidalgo-sattel.at\/de\/wp-json\/wp\/v2\/types\/product"}],"replies":[{"embeddable":true,"href":"https:\/\/www.hidalgo-sattel.at\/de\/wp-json\/wp\/v2\/comments?post=1741"}],"wp:featuredmedia":[{"embeddable":true,"href":"https:\/\/www.hidalgo-sattel.at\/de\/wp-json\/wp\/v2\/media\/2085"}],"wp:attachment":[{"href":"https:\/\/www.hidalgo-sattel.at\/de\/wp-json\/wp\/v2\/media?parent=1741"}],"wp:term":[{"taxonomy":"product_brand","embeddable":true,"href":"https:\/\/www.hidalgo-sattel.at\/de\/wp-json\/wp\/v2\/product_brand?post=1741"},{"taxonomy":"product_cat","embeddable":true,"href":"https:\/\/www.hidalgo-sattel.at\/de\/wp-json\/wp\/v2\/product_cat?post=1741"},{"taxonomy":"product_tag","embeddable":true,"href":"https:\/\/www.hidalgo-sattel.at\/de\/wp-json\/wp\/v2\/product_tag?post=1741"}],"curies":[{"name":"wp","href":"https:\/\/api.w.org\/{rel}","templated":true}]}}