{"id":903,"date":"2025-10-15T05:08:13","date_gmt":"2025-10-15T05:08:13","guid":{"rendered":"https:\/\/hidalgosattel.wizardswp.com\/?page_id=903"},"modified":"2026-03-27T09:06:00","modified_gmt":"2026-03-27T09:06:00","slug":"imprint-hidalgo-saddle","status":"publish","type":"page","link":"https:\/\/www.hidalgo-sattel.at\/de\/imprint-hidalgo-saddle\/","title":{"rendered":"Impressum Hidalgo Sattel"},"content":{"rendered":"<style>.elementor-903 .elementor-element.elementor-element-5b68e5d{--display:flex;--flex-direction:row;--container-widget-width:calc( ( 1 - var( --container-widget-flex-grow ) ) * 100% );--container-widget-height:100%;--container-widget-flex-grow:1;--container-widget-align-self:stretch;--flex-wrap-mobile:wrap;--align-items:stretch;--gap:10px 10px;--row-gap:10px;--column-gap:10px;--overlay-opacity:0.75;--padding-top:180px;--padding-bottom:180px;--padding-left:0px;--padding-right:0px;}.elementor-903 .elementor-element.elementor-element-5b68e5d:not(.elementor-motion-effects-element-type-background), .elementor-903 .elementor-element.elementor-element-5b68e5d > .elementor-motion-effects-container > .elementor-motion-effects-layer{background-image:url(\"https:\/\/www.hidalgo-sattel.at\/wp-content\/uploads\/2025\/10\/imgi_17_489610576_17957974157925187_4745307773913248016_n.jpg\");background-position:center center;background-repeat:no-repeat;background-size:cover;}.elementor-903 .elementor-element.elementor-element-5b68e5d::before, .elementor-903 .elementor-element.elementor-element-5b68e5d > .elementor-background-video-container::before, .elementor-903 .elementor-element.elementor-element-5b68e5d > .e-con-inner > .elementor-background-video-container::before, .elementor-903 .elementor-element.elementor-element-5b68e5d > .elementor-background-slideshow::before, .elementor-903 .elementor-element.elementor-element-5b68e5d > .e-con-inner > .elementor-background-slideshow::before, .elementor-903 .elementor-element.elementor-element-5b68e5d > .elementor-motion-effects-container > .elementor-motion-effects-layer::before{--background-overlay:'';background-color:#070400;}.elementor-903 .elementor-element.elementor-element-e678b4f{--display:flex;}.elementor-903 .elementor-element.elementor-element-f2d6409{text-align:start;}.elementor-903 .elementor-element.elementor-element-f2d6409 .elementor-heading-title{font-family:var( --e-global-typography-secondary-font-family ), Sans-serif;font-size:var( --e-global-typography-secondary-font-size );font-weight:var( --e-global-typography-secondary-font-weight );line-height:var( --e-global-typography-secondary-line-height );color:#FFFFFF;}.elementor-903 .elementor-element.elementor-element-cf997fb .elementor-icon-list-items:not(.elementor-inline-items) .elementor-icon-list-item:not(:last-child){padding-block-end:calc(6px\/2);}.elementor-903 .elementor-element.elementor-element-cf997fb .elementor-icon-list-items:not(.elementor-inline-items) .elementor-icon-list-item:not(:first-child){margin-block-start:calc(6px\/2);}.elementor-903 .elementor-element.elementor-element-cf997fb .elementor-icon-list-items.elementor-inline-items .elementor-icon-list-item{margin-inline:calc(6px\/2);}.elementor-903 .elementor-element.elementor-element-cf997fb .elementor-icon-list-items.elementor-inline-items{margin-inline:calc(-6px\/2);}.elementor-903 .elementor-element.elementor-element-cf997fb .elementor-icon-list-items.elementor-inline-items .elementor-icon-list-item:after{inset-inline-end:calc(-6px\/2);}.elementor-903 .elementor-element.elementor-element-cf997fb .elementor-icon-list-icon i{color:var( --e-global-color-secondary );transition:color 0.3s;}.elementor-903 .elementor-element.elementor-element-cf997fb .elementor-icon-list-icon svg{fill:var( --e-global-color-secondary );transition:fill 0.3s;}.elementor-903 .elementor-element.elementor-element-cf997fb{--e-icon-list-icon-size:14px;--e-icon-list-icon-align:left;--e-icon-list-icon-margin:0 calc(var(--e-icon-list-icon-size, 1em) * 0.25) 0 0;}.elementor-903 .elementor-element.elementor-element-cf997fb .elementor-icon-list-icon{padding-inline-end:3px;}.elementor-903 .elementor-element.elementor-element-cf997fb .elementor-icon-list-item > .elementor-icon-list-text, .elementor-903 .elementor-element.elementor-element-cf997fb .elementor-icon-list-item > a{font-family:var( --e-global-typography-text-font-family ), Sans-serif;font-size:var( --e-global-typography-text-font-size );font-weight:var( --e-global-typography-text-font-weight );line-height:var( --e-global-typography-text-line-height );}.elementor-903 .elementor-element.elementor-element-cf997fb .elementor-icon-list-text{color:#FFFFFF;transition:color 0.3s;}.elementor-903 .elementor-element.elementor-element-d483563{--display:flex;--padding-top:80px;--padding-bottom:80px;--padding-left:0px;--padding-right:0px;}:root{--page-title-display:none;}@media(min-width:1025px){.elementor-903 .elementor-element.elementor-element-5b68e5d:not(.elementor-motion-effects-element-type-background), .elementor-903 .elementor-element.elementor-element-5b68e5d > .elementor-motion-effects-container > .elementor-motion-effects-layer{background-attachment:fixed;}}@media(max-width:1024px){.elementor-903 .elementor-element.elementor-element-5b68e5d{--padding-top:100px;--padding-bottom:120px;--padding-left:20px;--padding-right:20px;}.elementor-903 .elementor-element.elementor-element-f2d6409 .elementor-heading-title{font-size:var( --e-global-typography-secondary-font-size );line-height:var( --e-global-typography-secondary-line-height );}.elementor-903 .elementor-element.elementor-element-cf997fb .elementor-icon-list-item > .elementor-icon-list-text, .elementor-903 .elementor-element.elementor-element-cf997fb .elementor-icon-list-item > a{font-size:var( --e-global-typography-text-font-size );line-height:var( --e-global-typography-text-line-height );}.elementor-903 .elementor-element.elementor-element-d483563{--padding-top:80px;--padding-bottom:80px;--padding-left:20px;--padding-right:20px;}}@media(max-width:767px){.elementor-903 .elementor-element.elementor-element-5b68e5d{--padding-top:80px;--padding-bottom:80px;--padding-left:20px;--padding-right:20px;}.elementor-903 .elementor-element.elementor-element-f2d6409 .elementor-heading-title{font-size:var( --e-global-typography-secondary-font-size );line-height:var( --e-global-typography-secondary-line-height );}.elementor-903 .elementor-element.elementor-element-cf997fb .elementor-icon-list-item > .elementor-icon-list-text, .elementor-903 .elementor-element.elementor-element-cf997fb .elementor-icon-list-item > a{font-size:var( --e-global-typography-text-font-size );line-height:var( --e-global-typography-text-line-height );}.elementor-903 .elementor-element.elementor-element-d483563{--padding-top:60px;--padding-bottom:60px;--padding-left:20px;--padding-right:20px;}}<\/style>\t\t<div data-elementor-type=\"wp-page\" data-elementor-id=\"903\" class=\"elementor elementor-903\" data-elementor-post-type=\"page\">\n\t\t\t\t<div class=\"elementor-element elementor-element-5b68e5d e-flex e-con-boxed e-con e-parent\" data-id=\"5b68e5d\" data-element_type=\"container\" data-e-type=\"container\" data-settings=\"{&quot;background_background&quot;:&quot;classic&quot;}\">\n\t\t\t\t\t<div class=\"e-con-inner\">\n\t\t<div class=\"elementor-element elementor-element-e678b4f e-con-full e-flex e-con e-child\" data-id=\"e678b4f\" data-element_type=\"container\" data-e-type=\"container\" data-settings=\"{&quot;background_background&quot;:&quot;classic&quot;}\">\n\t\t\t\t<div class=\"elementor-element elementor-element-f2d6409 elementor-widget elementor-widget-heading\" data-id=\"f2d6409\" data-element_type=\"widget\" data-e-type=\"widget\" data-widget_type=\"heading.default\">\n\t\t\t\t\t<h2 class=\"elementor-heading-title elementor-size-default\">Impressum Hidalgo Sattel<\/h2>\t\t\t\t<\/div>\n\t\t\t\t<div class=\"elementor-element elementor-element-cf997fb elementor-icon-list--layout-inline elementor-list-item-link-full_width elementor-widget elementor-widget-icon-list\" data-id=\"cf997fb\" data-element_type=\"widget\" data-e-type=\"widget\" data-widget_type=\"icon-list.default\">\n\t\t\t\t\t\t\t<ul class=\"elementor-icon-list-items elementor-inline-items\">\n\t\t\t\t\t\t\t<li class=\"elementor-icon-list-item elementor-inline-item\">\n\t\t\t\t\t\t\t\t\t\t\t<a href=\"https:\/\/www.hidalgo-sattel.at\/de\">\n\n\t\t\t\t\t\t\t\t\t\t\t<span class=\"elementor-icon-list-text\"><span style=\"color: #EFC664\">Startseite<\/span>\n\t\t\t\t\t\t\t\t\t\t\t<\/a>\n\t\t\t\t\t\t\t\t\t<\/li>\n\t\t\t\t\t\t\t\t<li class=\"elementor-icon-list-item elementor-inline-item\">\n\t\t\t\t\t\t\t\t\t\t\t<span class=\"elementor-icon-list-icon\">\n\t\t\t\t\t\t\t<i aria-hidden=\"true\" class=\"jki jki-right-arrow-3\"><\/i>\t\t\t\t\t\t<\/span>\n\t\t\t\t\t\t\t\t\t\t<span class=\"elementor-icon-list-text\">Impressum Hidalgo Sattel<\/span>\n\t\t\t\t\t\t\t\t\t<\/li>\n\t\t\t\t\t\t<\/ul>\n\t\t\t\t\t\t<\/div>\n\t\t\t\t<\/div>\n\t\t\t\t\t<\/div>\n\t\t\t\t<\/div>\n\t\t<div class=\"elementor-element elementor-element-d483563 e-flex e-con-boxed e-con e-parent\" data-id=\"d483563\" data-element_type=\"container\" data-e-type=\"container\">\n\t\t\t\t\t<div class=\"e-con-inner\">\n\t\t\t\t<div class=\"elementor-element elementor-element-092e223 elementor-widget elementor-widget-text-editor\" data-id=\"092e223\" data-element_type=\"widget\" data-e-type=\"widget\" data-widget_type=\"text-editor.default\">\n\t\t\t\t\t\t\t\t\t<div class=\"elementor-element elementor-element-02894ec ob-harakiri-inherit ob-has-background-overlay elementor-widget elementor-widget-heading\" data-id=\"02894ec\" data-element_type=\"widget\" data-settings=\"{&quot;_ob_use_harakiri&quot;:&quot;yes&quot;,&quot;_ob_harakiri_writing_mode&quot;:&quot;inherit&quot;,&quot;_ob_harakiri_text_clip&quot;:&quot;none&quot;,&quot;_ob_perspektive_use&quot;:&quot;no&quot;,&quot;_ob_poopart_use&quot;:&quot;yes&quot;,&quot;_ob_shadough_use&quot;:&quot;no&quot;,&quot;_ob_allow_hoveranimator&quot;:&quot;no&quot;,&quot;_ob_widget_stalker_use&quot;:&quot;no&quot;}\" data-widget_type=\"heading.default\"><div class=\"elementor-widget-container\"><div id=\"cc-m-10831963824\" class=\"j-module n j-text\"><p data-start=\"0\" data-end=\"101\"><strong>HIDALGO Sattel \u2013 B\u00fcro<\/strong><br data-start=\"23\" data-end=\"26\" \/>Dr. Nina Holzer<br data-start=\"41\" data-end=\"44\" \/>Galvanistrasse 18<br data-start=\"61\" data-end=\"64\" \/>4040 Linz<br data-start=\"73\" data-end=\"76\" \/>Upper Austria \/ Austria<\/p><p data-start=\"103\" data-end=\"130\">Inquiries: +43 699 1533 4461<\/p><p data-start=\"132\" data-end=\"177\"><strong>Lager und Retouren \u2013 Showroom mit Verkauf<\/strong><\/p><p data-start=\"179\" data-end=\"211\">HIDALGO SATTEL, Tullastrasse 28, 79369 Whyl am Kaiserstuhl, GERMANY<\/p><p data-start=\"213\" data-end=\"298\">Bitte senden Sie Ihre R\u00fccksendungen nur nach vorheriger Absprache an die Lageradresse.<\/p><p data-start=\"300\" data-end=\"366\">E-Mail: <a class=\"decorated-link cursor-pointer\" rel=\"noopener\" data-start=\"307\" data-end=\"332\">office@hidalgo-sattel.com<\/a><br data-start=\"332\" data-end=\"335\" \/>Phone: +436763139487 (Manuel)<\/p><p data-start=\"368\" data-end=\"390\">VAT No.: ATU63267057<\/p><p data-start=\"392\" data-end=\"564\"><strong>Bankverbindung:<\/strong><br data-start=\"405\" data-end=\"408\" \/>IBAN: AT87 1500 0006 5110 2121<br data-start=\"438\" data-end=\"441\" \/>BIC: OBKLAT2L<br data-start=\"454\" data-end=\"457\" \/>Account name: Dr. Nina Holzer<br data-start=\"486\" data-end=\"489\" \/>Bank: Oberbank AG, Linz-Dornach branch, Altenberger Stra\u00dfe 9, A-4040 Linz<\/p><p data-start=\"566\" data-end=\"821\" data-is-last-node=\"\" data-is-only-node=\"\">Sehr geehrte Kunden, bitte beachten Sie, dass eine SEPA-\u00dcberweisung bei den meisten Banken geb\u00fchrenfrei ist. Eine internationale \u00dcberweisung in L\u00e4nder au\u00dferhalb der EU verursacht jedoch hohe Geb\u00fchren f\u00fcr Sie und uns. Falls Sie Fragen dazu haben, senden Sie uns bitte vorab eine E-Mail oder informieren Sie sich bei Ihrer Bank.<\/p><\/div><\/div><\/div>\t\t\t\t\t\t\t\t<\/div>\n\t\t\t\t\t<\/div>\n\t\t\t\t<\/div>\n\t\t\t\t<\/div>","protected":false},"excerpt":{"rendered":"<p>Home HIDALGO Saddle \u2013 OfficeDr. Nina HolzerGalvanistrasse 184040 LinzUpper Austria \/ Austria Inquiries: +43 699 1533 4461 Warehouse and returns \u2013 showroom with sales HIDALGO SATTEL, Tullastrasse 28, 79369 Whyl am Kaiserstuhl, GERMANY Please send your returns only after prior arrangement to the warehouse address. Email: office@hidalgo-sattel.comPhone: +436763139487 (Manuel) VAT No.: ATU63267057 Bank details:IBAN: AT87 [&hellip;]<\/p>\n","protected":false},"author":1,"featured_media":0,"parent":0,"menu_order":0,"comment_status":"closed","ping_status":"closed","template":"","meta":{"footnotes":""},"class_list":["post-903","page","type-page","status-publish","hentry"],"_links":{"self":[{"href":"https:\/\/www.hidalgo-sattel.at\/de\/wp-json\/wp\/v2\/pages\/903","targetHints":{"allow":["GET"]}}],"collection":[{"href":"https:\/\/www.hidalgo-sattel.at\/de\/wp-json\/wp\/v2\/pages"}],"about":[{"href":"https:\/\/www.hidalgo-sattel.at\/de\/wp-json\/wp\/v2\/types\/page"}],"author":[{"embeddable":true,"href":"https:\/\/www.hidalgo-sattel.at\/de\/wp-json\/wp\/v2\/users\/1"}],"replies":[{"embeddable":true,"href":"https:\/\/www.hidalgo-sattel.at\/de\/wp-json\/wp\/v2\/comments?post=903"}],"version-history":[{"count":20,"href":"https:\/\/www.hidalgo-sattel.at\/de\/wp-json\/wp\/v2\/pages\/903\/revisions"}],"predecessor-version":[{"id":3357,"href":"https:\/\/www.hidalgo-sattel.at\/de\/wp-json\/wp\/v2\/pages\/903\/revisions\/3357"}],"wp:attachment":[{"href":"https:\/\/www.hidalgo-sattel.at\/de\/wp-json\/wp\/v2\/media?parent=903"}],"curies":[{"name":"wp","href":"https:\/\/api.w.org\/{rel}","templated":true}]}}