{"id":888,"date":"2025-10-15T03:27:14","date_gmt":"2025-10-15T03:27:14","guid":{"rendered":"https:\/\/hidalgosattel.wizardswp.com\/?page_id=888"},"modified":"2026-03-27T04:36:26","modified_gmt":"2026-03-27T04:36:26","slug":"right-of-withdrawal","status":"publish","type":"page","link":"https:\/\/www.hidalgo-sattel.at\/de\/right-of-withdrawal\/","title":{"rendered":"Widerrufsrecht"},"content":{"rendered":"<style>.elementor-888 .elementor-element.elementor-element-9988b12{--display:flex;--flex-direction:row;--container-widget-width:calc( ( 1 - var( --container-widget-flex-grow ) ) * 100% );--container-widget-height:100%;--container-widget-flex-grow:1;--container-widget-align-self:stretch;--flex-wrap-mobile:wrap;--align-items:stretch;--gap:10px 10px;--row-gap:10px;--column-gap:10px;--overlay-opacity:0.75;--padding-top:180px;--padding-bottom:180px;--padding-left:0px;--padding-right:0px;}.elementor-888 .elementor-element.elementor-element-9988b12:not(.elementor-motion-effects-element-type-background), .elementor-888 .elementor-element.elementor-element-9988b12 > .elementor-motion-effects-container > .elementor-motion-effects-layer{background-image:url(\"https:\/\/www.hidalgo-sattel.at\/wp-content\/uploads\/2025\/10\/imgi_36_489672434_18496223683004965_6420662110887302293_n.webp\");background-position:center center;background-repeat:no-repeat;background-size:cover;}.elementor-888 .elementor-element.elementor-element-9988b12::before, .elementor-888 .elementor-element.elementor-element-9988b12 > .elementor-background-video-container::before, .elementor-888 .elementor-element.elementor-element-9988b12 > .e-con-inner > .elementor-background-video-container::before, .elementor-888 .elementor-element.elementor-element-9988b12 > .elementor-background-slideshow::before, .elementor-888 .elementor-element.elementor-element-9988b12 > .e-con-inner > .elementor-background-slideshow::before, .elementor-888 .elementor-element.elementor-element-9988b12 > .elementor-motion-effects-container > .elementor-motion-effects-layer::before{--background-overlay:'';background-color:#070400;}.elementor-888 .elementor-element.elementor-element-063d657{--display:flex;}.elementor-888 .elementor-element.elementor-element-632e05f{text-align:start;}.elementor-888 .elementor-element.elementor-element-632e05f .elementor-heading-title{font-family:var( --e-global-typography-secondary-font-family ), Sans-serif;font-size:var( --e-global-typography-secondary-font-size );font-weight:var( --e-global-typography-secondary-font-weight );line-height:var( --e-global-typography-secondary-line-height );color:#FFFFFF;}.elementor-888 .elementor-element.elementor-element-1f834cf .elementor-icon-list-items:not(.elementor-inline-items) .elementor-icon-list-item:not(:last-child){padding-block-end:calc(6px\/2);}.elementor-888 .elementor-element.elementor-element-1f834cf .elementor-icon-list-items:not(.elementor-inline-items) .elementor-icon-list-item:not(:first-child){margin-block-start:calc(6px\/2);}.elementor-888 .elementor-element.elementor-element-1f834cf .elementor-icon-list-items.elementor-inline-items .elementor-icon-list-item{margin-inline:calc(6px\/2);}.elementor-888 .elementor-element.elementor-element-1f834cf .elementor-icon-list-items.elementor-inline-items{margin-inline:calc(-6px\/2);}.elementor-888 .elementor-element.elementor-element-1f834cf .elementor-icon-list-items.elementor-inline-items .elementor-icon-list-item:after{inset-inline-end:calc(-6px\/2);}.elementor-888 .elementor-element.elementor-element-1f834cf .elementor-icon-list-icon i{color:var( --e-global-color-secondary );transition:color 0.3s;}.elementor-888 .elementor-element.elementor-element-1f834cf .elementor-icon-list-icon svg{fill:var( --e-global-color-secondary );transition:fill 0.3s;}.elementor-888 .elementor-element.elementor-element-1f834cf{--e-icon-list-icon-size:14px;--e-icon-list-icon-align:left;--e-icon-list-icon-margin:0 calc(var(--e-icon-list-icon-size, 1em) * 0.25) 0 0;}.elementor-888 .elementor-element.elementor-element-1f834cf .elementor-icon-list-icon{padding-inline-end:3px;}.elementor-888 .elementor-element.elementor-element-1f834cf .elementor-icon-list-item > .elementor-icon-list-text, .elementor-888 .elementor-element.elementor-element-1f834cf .elementor-icon-list-item > a{font-family:var( --e-global-typography-text-font-family ), Sans-serif;font-size:var( --e-global-typography-text-font-size );font-weight:var( --e-global-typography-text-font-weight );line-height:var( --e-global-typography-text-line-height );}.elementor-888 .elementor-element.elementor-element-1f834cf .elementor-icon-list-text{color:#FFFFFF;transition:color 0.3s;}.elementor-888 .elementor-element.elementor-element-03625c0{--display:flex;--padding-top:80px;--padding-bottom:80px;--padding-left:0px;--padding-right:0px;}.elementor-888 .elementor-element.elementor-element-eb5c463.elementor-element{--align-self:flex-end;}.elementor-888 .elementor-element.elementor-element-c42b819.elementor-element{--align-self:flex-end;}:root{--page-title-display:none;}@media(min-width:1025px){.elementor-888 .elementor-element.elementor-element-9988b12:not(.elementor-motion-effects-element-type-background), .elementor-888 .elementor-element.elementor-element-9988b12 > .elementor-motion-effects-container > .elementor-motion-effects-layer{background-attachment:fixed;}}@media(max-width:1024px){.elementor-888 .elementor-element.elementor-element-9988b12{--padding-top:100px;--padding-bottom:120px;--padding-left:20px;--padding-right:20px;}.elementor-888 .elementor-element.elementor-element-632e05f .elementor-heading-title{font-size:var( --e-global-typography-secondary-font-size );line-height:var( --e-global-typography-secondary-line-height );}.elementor-888 .elementor-element.elementor-element-1f834cf .elementor-icon-list-item > .elementor-icon-list-text, .elementor-888 .elementor-element.elementor-element-1f834cf .elementor-icon-list-item > a{font-size:var( --e-global-typography-text-font-size );line-height:var( --e-global-typography-text-line-height );}.elementor-888 .elementor-element.elementor-element-03625c0{--padding-top:80px;--padding-bottom:80px;--padding-left:20px;--padding-right:20px;}}@media(max-width:767px){.elementor-888 .elementor-element.elementor-element-9988b12{--padding-top:80px;--padding-bottom:80px;--padding-left:20px;--padding-right:20px;}.elementor-888 .elementor-element.elementor-element-632e05f .elementor-heading-title{font-size:var( --e-global-typography-secondary-font-size );line-height:var( --e-global-typography-secondary-line-height );}.elementor-888 .elementor-element.elementor-element-1f834cf .elementor-icon-list-item > .elementor-icon-list-text, .elementor-888 .elementor-element.elementor-element-1f834cf .elementor-icon-list-item > a{font-size:var( --e-global-typography-text-font-size );line-height:var( --e-global-typography-text-line-height );}.elementor-888 .elementor-element.elementor-element-03625c0{--padding-top:60px;--padding-bottom:60px;--padding-left:20px;--padding-right:20px;}}<\/style>\t\t<div data-elementor-type=\"wp-page\" data-elementor-id=\"888\" class=\"elementor elementor-888\" data-elementor-post-type=\"page\">\n\t\t\t\t<div class=\"elementor-element elementor-element-9988b12 e-flex e-con-boxed e-con e-parent\" data-id=\"9988b12\" data-element_type=\"container\" data-e-type=\"container\" data-settings=\"{&quot;background_background&quot;:&quot;classic&quot;}\">\n\t\t\t\t\t<div class=\"e-con-inner\">\n\t\t<div class=\"elementor-element elementor-element-063d657 e-con-full e-flex e-con e-child\" data-id=\"063d657\" data-element_type=\"container\" data-e-type=\"container\" data-settings=\"{&quot;background_background&quot;:&quot;classic&quot;}\">\n\t\t\t\t<div class=\"elementor-element elementor-element-632e05f elementor-widget elementor-widget-heading\" data-id=\"632e05f\" data-element_type=\"widget\" data-e-type=\"widget\" data-widget_type=\"heading.default\">\n\t\t\t\t\t<h2 class=\"elementor-heading-title elementor-size-default\">Widerrufsrecht<\/h2>\t\t\t\t<\/div>\n\t\t\t\t<div class=\"elementor-element elementor-element-1f834cf elementor-icon-list--layout-inline elementor-list-item-link-full_width elementor-widget elementor-widget-icon-list\" data-id=\"1f834cf\" data-element_type=\"widget\" data-e-type=\"widget\" data-widget_type=\"icon-list.default\">\n\t\t\t\t\t\t\t<ul class=\"elementor-icon-list-items elementor-inline-items\">\n\t\t\t\t\t\t\t<li class=\"elementor-icon-list-item elementor-inline-item\">\n\t\t\t\t\t\t\t\t\t\t\t<a href=\"https:\/\/www.hidalgo-sattel.at\/de\">\n\n\t\t\t\t\t\t\t\t\t\t\t<span class=\"elementor-icon-list-text\"><span style=\"color: #EFC664\">Startseite<\/span>\n\t\t\t\t\t\t\t\t\t\t\t<\/a>\n\t\t\t\t\t\t\t\t\t<\/li>\n\t\t\t\t\t\t\t\t<li class=\"elementor-icon-list-item elementor-inline-item\">\n\t\t\t\t\t\t\t\t\t\t\t<span class=\"elementor-icon-list-icon\">\n\t\t\t\t\t\t\t<i aria-hidden=\"true\" class=\"jki jki-right-arrow-3\"><\/i>\t\t\t\t\t\t<\/span>\n\t\t\t\t\t\t\t\t\t\t<span class=\"elementor-icon-list-text\">Widerrufsrecht<\/span>\n\t\t\t\t\t\t\t\t\t<\/li>\n\t\t\t\t\t\t<\/ul>\n\t\t\t\t\t\t<\/div>\n\t\t\t\t<\/div>\n\t\t\t\t\t<\/div>\n\t\t\t\t<\/div>\n\t\t<div class=\"elementor-element elementor-element-03625c0 e-flex e-con-boxed e-con e-parent\" data-id=\"03625c0\" data-element_type=\"container\" data-e-type=\"container\">\n\t\t\t\t\t<div class=\"e-con-inner\">\n\t\t\t\t<div class=\"elementor-element elementor-element-eb5c463 elementor-widget elementor-widget-shortcode\" data-id=\"eb5c463\" data-element_type=\"widget\" data-e-type=\"widget\" data-widget_type=\"shortcode.default\">\n\t\t\t\t\t\t\t<div class=\"elementor-shortcode\"><div class=\"printfriendly pf-button  pf-alignleft\">\n                    <a href=\"#\" rel=\"nofollow\" onclick=\"window.print(); return false;\" title=\"Druckversion, PDF &amp; E-Mail\">\n                    <img decoding=\"async\" class=\"pf-button-img\" src=\"https:\/\/cdn.printfriendly.com\/buttons\/printfriendly-pdf-button.png\" alt=\"Print Friendly, PDF & Email\" style=\"width: 112px;height: 24px;\"  \/>\n                    <\/a>\n                <\/div><\/div>\n\t\t\t\t\t\t<\/div>\n\t\t\t\t<div class=\"elementor-element elementor-element-e063d04 elementor-widget elementor-widget-text-editor\" data-id=\"e063d04\" data-element_type=\"widget\" data-e-type=\"widget\" data-widget_type=\"text-editor.default\">\n\t\t\t\t\t\t\t\t\t<p><strong>Widerrufsrecht<\/strong><\/p><p>Sie haben das Recht, binnen vierzehn Tagen ohne Angabe von Gr\u00fcnden von diesem Vertrag zur\u00fcckzutreten.<br \/>Die Widerrufsfrist betr\u00e4gt vierzehn Tage ab dem Tag<\/p><ul><li>an dem Sie oder ein von Ihnen benannter Dritter, der nicht der Bef\u00f6rderer ist, die Ware in Besitz genommen haben, vorausgesetzt, Sie haben eine oder mehrere Waren im Rahmen einer einzigen Bestellung bestellt und diese werden in einer einzigen Lieferung geliefert; oder<\/li><li>An dem Tag, an dem Sie oder ein von Ihnen benannter Dritter, der nicht der Bef\u00f6rderer ist, die letzte Ware in Besitz genommen haben, vorausgesetzt, Sie haben mehrere Waren im Rahmen einer einzigen Bestellung bestellt und diese werden separat geliefert; oder<\/li><li>Bei der Lieferung der letzten Teillieferung oder des letzten St\u00fccks durch Sie oder einen von Ihnen benannten Dritten, der nicht der Bef\u00f6rderer ist, vorausgesetzt, die Ware wird in mehreren Teillieferungen oder St\u00fccken geliefert.<\/li><\/ul><p>Um Ihr Widerrufsrecht auszu\u00fcben, m\u00fcssen Sie uns Folgendes mitteilen:<br \/>HIDALGO SATTEL, Tullastrasse 28, 79369 Whyl am Kaiserstuhl, GERMANY<br \/>E-Mail: office@hidalgo-sattel.com<br \/>Telefon: +43 699 15334461<\/p><p>Sie k\u00f6nnen Ihren Widerruf dieses Vertrags durch eine eindeutige Erkl\u00e4rung (z. B. per Post oder E-Mail) mitteilen. Sie k\u00f6nnen daf\u00fcr das beigef\u00fcgte Muster-Widerrufsformular verwenden, dies ist jedoch nicht verpflichtend.<\/p><p>Um die Widerrufsfrist einzuhalten, gen\u00fcgt es, wenn Sie die Mitteilung \u00fcber die Aus\u00fcbung Ihres Widerrufsrechts vor Ablauf der Widerrufsfrist absenden.<\/p><p><strong>Auswirkungen des Entzugs<\/strong><\/p><p>Wenn Sie diesen Vertrag widerrufen, erstatten wir Ihnen alle von Ihnen erhaltenen Zahlungen einschlie\u00dflich der Lieferkosten (mit Ausnahme der zus\u00e4tzlichen Kosten, die sich daraus ergeben, dass Sie eine andere Art der Lieferung als die von uns angebotene g\u00fcnstigste Standardlieferung gew\u00e4hlt haben), unverz\u00fcglich und sp\u00e4testens binnen vierzehn Tagen ab dem Tag, an dem wir Ihre Widerrufserkl\u00e4rung erhalten haben.<\/p><p>F\u00fcr diese R\u00fcckerstattung verwenden wir dasselbe Zahlungsmittel, das Sie f\u00fcr die urspr\u00fcngliche Transaktion verwendet haben, es sei denn, mit Ihnen wurde ausdr\u00fccklich etwas anderes vereinbart; unter keinen Umst\u00e4nden werden Ihnen f\u00fcr diese R\u00fcckerstattung Geb\u00fchren berechnet.<\/p><p>Wir behalten uns das Recht vor, die R\u00fcckerstattung zu verweigern, bis wir die Ware zur\u00fcckerhalten haben oder bis Sie uns einen Nachweis \u00fcber die R\u00fccksendung der Ware erbracht haben, je nachdem, welcher Zeitpunkt fr\u00fcher eintritt.<\/p><p>Sie m\u00fcssen die Ware unverz\u00fcglich, sp\u00e4testens jedoch binnen vierzehn Tagen ab dem Tag, an dem Sie uns \u00fcber Ihren Widerruf dieses Vertrags unterrichtet haben, an uns zur\u00fccksenden oder \u00fcbergeben. Die Frist ist gewahrt, wenn Sie die Ware vor Ablauf der vierzehnt\u00e4gigen Frist absenden.<br \/>Sie tragen die direkten Kosten der R\u00fccksendung der Ware.<\/p><p>Sie haften nur dann f\u00fcr einen etwaigen Wertverlust der Ware, wenn dieser Wertverlust auf eine Behandlung der Ware zur\u00fcckzuf\u00fchren ist, die \u00fcber das zur Feststellung ihrer Beschaffenheit, Eigenschaften und Funktionsweise notwendige Ma\u00df hinausgeht.<\/p><p>(Wenn Sie vom Vertrag zur\u00fccktreten m\u00f6chten, f\u00fcllen Sie bitte dieses Formular aus und senden Sie es an uns zur\u00fcck.)<\/p><p>Zu:<br \/>HIDALGO SATTEL, Tullastrasse 28, 79369 Whyl am Kaiserstuhl, GERMANY<br \/>E-Mail: office@hidalgo-sattel.com<\/p><p>Hiermit widerrufe(n) ich\/wir den von mir\/uns abgeschlossenen Vertrag \u00fcber den Kauf der folgenden Waren:<\/p><p>die Bereitstellung folgender Dienstleistung:<\/p><p>\u2014 Bestellt am _________ \/ erhalten am _________<br \/>\u2014 Name des\/der Verbraucher(s):<br \/>\u2014 Adresse des\/der Verbraucher(s):<br \/>\u2014 Unterschrift des\/der Verbraucher(s) (nur bei Einreichung auf Papier)<br \/>- Datum: _________<\/p>\t\t\t\t\t\t\t\t<\/div>\n\t\t\t\t<div class=\"elementor-element elementor-element-c42b819 elementor-widget elementor-widget-shortcode\" data-id=\"c42b819\" data-element_type=\"widget\" data-e-type=\"widget\" data-widget_type=\"shortcode.default\">\n\t\t\t\t\t\t\t<div class=\"elementor-shortcode\"><div class=\"printfriendly pf-button  pf-alignleft\">\n                    <a href=\"#\" rel=\"nofollow\" onclick=\"window.print(); return false;\" title=\"Druckversion, PDF &amp; E-Mail\">\n                    <img decoding=\"async\" class=\"pf-button-img\" src=\"https:\/\/cdn.printfriendly.com\/buttons\/printfriendly-pdf-button.png\" alt=\"Print Friendly, PDF & Email\" style=\"width: 112px;height: 24px;\"  \/>\n                    <\/a>\n                <\/div><\/div>\n\t\t\t\t\t\t<\/div>\n\t\t\t\t\t<\/div>\n\t\t\t\t<\/div>\n\t\t\t\t<\/div>","protected":false},"excerpt":{"rendered":"<p>Home Right of Withdrawal You have the right to withdraw from this contract within fourteen days without giving any reason.The withdrawal period is fourteen days from the day On which you or a third party named by you, who is not the carrier, have taken possession of the goods, provided that you ordered one or [&hellip;]<\/p>\n","protected":false},"author":1,"featured_media":0,"parent":0,"menu_order":0,"comment_status":"closed","ping_status":"closed","template":"","meta":{"footnotes":""},"class_list":["post-888","page","type-page","status-publish","hentry"],"_links":{"self":[{"href":"https:\/\/www.hidalgo-sattel.at\/de\/wp-json\/wp\/v2\/pages\/888","targetHints":{"allow":["GET"]}}],"collection":[{"href":"https:\/\/www.hidalgo-sattel.at\/de\/wp-json\/wp\/v2\/pages"}],"about":[{"href":"https:\/\/www.hidalgo-sattel.at\/de\/wp-json\/wp\/v2\/types\/page"}],"author":[{"embeddable":true,"href":"https:\/\/www.hidalgo-sattel.at\/de\/wp-json\/wp\/v2\/users\/1"}],"replies":[{"embeddable":true,"href":"https:\/\/www.hidalgo-sattel.at\/de\/wp-json\/wp\/v2\/comments?post=888"}],"version-history":[{"count":25,"href":"https:\/\/www.hidalgo-sattel.at\/de\/wp-json\/wp\/v2\/pages\/888\/revisions"}],"predecessor-version":[{"id":3343,"href":"https:\/\/www.hidalgo-sattel.at\/de\/wp-json\/wp\/v2\/pages\/888\/revisions\/3343"}],"wp:attachment":[{"href":"https:\/\/www.hidalgo-sattel.at\/de\/wp-json\/wp\/v2\/media?parent=888"}],"curies":[{"name":"wp","href":"https:\/\/api.w.org\/{rel}","templated":true}]}}