{"id":852,"date":"2025-10-14T06:38:41","date_gmt":"2025-10-14T06:38:41","guid":{"rendered":"https:\/\/hidalgosattel.wizardswp.com\/?page_id=852"},"modified":"2026-03-31T12:27:47","modified_gmt":"2026-03-31T12:27:47","slug":"data-protection","status":"publish","type":"page","link":"https:\/\/www.hidalgo-sattel.at\/de\/data-protection\/","title":{"rendered":"Datenschutz"},"content":{"rendered":"<ul>\n<li>Startseite<\/li>\n<li><\/li>\n<\/ul>\n<p data-start=\"0\" data-end=\"19\"><strong>Inhalt und Design:<\/strong><\/p>\n<p data-start=\"21\" data-end=\"519\">Hidalgo Saddle \u00fcbernimmt keine Haftung oder Gew\u00e4hrleistung f\u00fcr die auf dieser Website bereitgestellten Informationen. Alle auf dieser Website ver\u00f6ffentlichten Texte und grafischen Gestaltungen sind urheberrechtlich gesch\u00fctzt. Jede Reproduktion oder Ver\u00f6ffentlichung der auf dieser Website bereitgestellten Texte und grafischen Gestaltungen ist ohne vorherige R\u00fccksprache mit Hidalgo Hidalgo Saddle no asume ninguna responsabilidad ni garant\u00eda por la informaci\u00f3n proporcionada en este sitio web. Todos los textos y dise\u00f1os gr\u00e1ficos publicados en este sitio web est\u00e1n protegidos por derechos de autor. Queda prohibida cualquier reproducci\u00f3n o publicaci\u00f3n de los textos y dise\u00f1os gr\u00e1ficos disponibles en este sitio web sin consulta previa con Hidalgo Saddle. Hidalgo Saddle no revisa el contenido ni la validez legal de ning\u00fan sitio web vinculado y, por lo tanto, no asume ninguna responsabilidad por representaciones o contenidos il\u00edcitos.Saddle nicht gestattet. Hidalgo Saddle \u00fcberpr\u00fcft weder den Inhalt noch die rechtliche G\u00fcltigkeit verlinkter Websites und \u00fcbernimmt daher keine Haftung f\u00fcr rechtswidrige Darstellungen oder Inhalte.<\/p>\n<p data-start=\"521\" data-end=\"535\"><strong>Datenschutzrichtlinie<\/strong><\/p>\n<p data-start=\"537\" data-end=\"786\">Diese Website wird von Hidalgo Sattel, Galvanistr. 18, 4040 Linz, Ober\u00f6sterreich, betrieben, im Folgenden \u201ewir\u201c und \u201eHidalgo\u201c genannt. Diese Datenschutzerkl\u00e4rung beschreibt, welche Daten wir w\u00e4hrend Ihres Besuchs auf dieser Website erfassen und zu welchem \u200b\u200bZweck wir sie verwenden.<\/p>\n<p data-start=\"788\" data-end=\"911\">Wir bitten Sie daher, die folgende Datenschutzerkl\u00e4rung sorgf\u00e4ltig zu lesen, bevor Sie ihr zustimmen und die Website weiterhin nutzen.<\/p>\n<p data-start=\"913\" data-end=\"941\">Geltungsbereich dieser Datenschutzrichtlinie<\/p>\n<p data-start=\"943\" data-end=\"1114\">Diese Datenschutzerkl\u00e4rung informiert Sie als Nutzer dieser Website \u00fcber Art, Umfang und Zweck der Erhebung und Verwendung personenbezogener Daten \u2013 wie z. B. Cookies \u2013 auf dieser Website.<\/p>\n<p data-start=\"714\" data-end=\"741\"><strong data-start=\"714\" data-end=\"739\">Shipping and Delivery<\/strong><\/p>\n<p data-start=\"748\" data-end=\"915\">To fulfill your order, we share your personal data (such as your name and delivery address) with the shipping service provider responsible for delivering your order.<\/p>\n<p data-start=\"922\" data-end=\"1081\">For this purpose, we use <span class=\"hover:entity-accent entity-underline inline cursor-pointer align-baseline\"><span class=\"whitespace-normal\">DHL<\/span><\/span>. Your data will be transferred solely for the purpose of order delivery and shipment tracking.<\/p>\n<p data-start=\"1187\" data-end=\"1288\">Where applicable, the shipping provider may contact you via email or SMS or WhatsApp to provide delivery updates.<\/p>\n<p data-start=\"1116\" data-end=\"1133\"><strong>Was sind Cookies?<\/strong><\/p>\n<p data-start=\"1135\" data-end=\"1849\">Ein \u201eCookie\u201c ist eine Zeichenfolge, die von einem Webserver an die Cookie-Datei Ihres Browsers auf der Festplatte Ihres Computers gesendet wird. Dadurch kann die Website Sie wiedererkennen, sobald eine (neue) Verbindung zwischen dem Webserver und Ihrem Browser hergestellt wird. Der Hauptzweck eines Cookies besteht somit darin, Website-Besucher zu identifizieren und nicht-personenbezogene Daten analytisch auszuwerten, um Informationen \u00fcber Zeitpunkt, Ort und Nutzung unserer Website zu gewinnen. Wir verwenden sowohl \u201eSession-Cookies\u201c, die nur vor\u00fcbergehend gespeichert werden, bis Sie die Website verlassen, als auch \u201epersistente oder Tracking-Cookies\u201c, die l\u00e4nger in der Cookie-Datei Ihres Browsers verbleiben, um beim erneuten Besuch der Website Informationen an den Server zu \u00fcbermitteln.<\/p>\n<p data-start=\"1851\" data-end=\"1901\">Welche Cookies und Daten werden auf dieser Website gespeichert?<\/p>\n<p data-start=\"1903\" data-end=\"2012\">Diese Website speichert \u201eErstanbieter-Cookies\u201c, um das Nutzerverhalten auf Basis (nicht-)personenbezogener Daten zu messen und zu optimieren.<\/p>\n<p data-start=\"2014\" data-end=\"2178\">a. Das hierf\u00fcr verwendete Tool ist \u201eGoogle Analytics\u201c. Konkret werden in der Standardkonfiguration die folgenden Analyse-Cookies verwendet und 30 Tage lang gespeichert:<\/p>\n<p data-start=\"2180\" data-end=\"2194\">\u2022 _ga<br data-start=\"2185\" data-end=\"2188\" \/>\u2022 _gat<\/p>\n<p data-start=\"2196\" data-end=\"2453\">Diese Cookies werden von Google Analytics gesetzt und erm\u00f6glichen es uns, die Nutzung dieser Website zu analysieren und das Nutzererlebnis zu verbessern. Sie erfassen anonyme Daten wie die Anzahl der Besucher, die zuletzt besuchte Website und die auf dieser Website aufgerufenen Seiten.<\/p>\n<p data-start=\"2455\" data-end=\"2525\">b. Der folgende Cookie wird ebenfalls f\u00fcr die Dauer Ihres Besuchs gespeichert:<\/p>\n<p data-start=\"2527\" data-end=\"2538\">\u2022 phpsessid<\/p>\n<p data-start=\"2540\" data-end=\"2678\">Dieser Cookie identifiziert Ihre aktuelle Sitzungs-ID auf dem Webserver. Er wird beim Zugriff auf die Website erstellt und beim Verlassen der Website gel\u00f6scht.<\/p>\n<p data-start=\"2680\" data-end=\"2706\">Nutzung und Weitergabe von Daten<\/p>\n<p data-start=\"2708\" data-end=\"2948\">a. Ihre Daten werden nur dann an Dritte weitergegeben, wenn dies zur Erf\u00fcllung einer gerichtlichen oder beh\u00f6rdlichen Anordnung erforderlich ist oder Sie dies ausdr\u00fccklich w\u00fcnschen. Ansonsten werden Ihre Daten \u2013 insbesondere zu Marketingzwecken \u2013 nicht an Dritte weitergegeben.<\/p>\n<p data-start=\"2950\" data-end=\"3135\">b. Ihre Daten werden so lange gespeichert, wie es zur Erf\u00fcllung vertraglicher Verpflichtungen oder zur Einhaltung gesetzlicher Bestimmungen erforderlich ist, sofern in dieser Datenschutzerkl\u00e4rung nichts anderes angegeben ist.<\/p>\n<p data-start=\"3137\" data-end=\"3481\">c. Die von Ihnen auf der Website angegebenen personenbezogenen Daten dienen der Verbesserung Ihres Besuchserlebnisses und der Fehlerbehebung. Zus\u00e4tzlich werden Ihre Daten mithilfe von Google Analytics analysiert, um das Nutzerverhalten auszuwerten. Ihre Daten werden nicht f\u00fcr Kontakt- oder Marketingzwecke verwendet. Hierf\u00fcr ist eine separate Einwilligung erforderlich \u2013 beispielsweise bei der Newsletter-Anmeldung.<\/p>\n<p data-start=\"3483\" data-end=\"4156\">d. Google Analytics ist ein Webanalysedienst der Google Inc., 1600 Amphitheatre Parkway, Mountain View, CA 94043, USA. Dieser Dienst verwendet Cookies (siehe oben). Die durch die Cookies erzeugten Informationen \u00fcber Ihre Nutzung dieser Website werden in der Regel an einen Server von Google in den USA \u00fcbertragen und dort gespeichert. Ist die IP-Anonymisierung auf dieser Website aktiviert, wird Ihre IP-Adresse von Google innerhalb von Mitgliedstaaten der Europ\u00e4ischen Union oder in anderen Vertragsstaaten des Abkommens \u00fcber den Europ\u00e4ischen Wirtschaftsraum zuvor gek\u00fcrzt. Nur in Ausnahmef\u00e4llen wird die volle IP-Adresse an einen Server von Google in den USA oder in einem anderen Drittland \u00fcbertragen und dort gek\u00fcrzt.<\/p>\n<p data-start=\"4158\" data-end=\"4810\">Google verwendet diese Informationen in unserem Auftrag, um Ihre Nutzung der Website auszuwerten, Berichte \u00fcber die Websiteaktivit\u00e4ten zusammenzustellen und dem Websitebetreiber weitere Dienstleistungen im Zusammenhang mit der Website- und Internetnutzung zu erbringen. Die im Rahmen von Google Analytics von Ihrem Browser \u00fcbermittelte IP-Adresse wird nicht mit anderen Daten von Google zusammengef\u00fchrt. Sie k\u00f6nnen die Speicherung dieser Cookies durch entsprechende Einstellungen in Ihrem Browser verhindern; dadurch kann jedoch die Funktionalit\u00e4t der Website eingeschr\u00e4nkt sein. Sie k\u00f6nnen die Erfassung der durch den Cookie erzeugten Daten (einschlie\u00dflich Ihrer IP-Adresse) und deren Verarbeitung durch Google auch verhindern, indem Sie das unter folgendem Link verf\u00fcgbare Browser-Plugin herunterladen und installieren:<\/p>\n<p data-start=\"4812\" data-end=\"4857\"><a href=\"http:\/\/tools.google.com\/dlpage\/gaoptout?hl=de\" target=\"_new\" rel=\"noopener\" data-start=\"4812\" data-end=\"4857\">http:\/\/tools.google.com\/dlpage\/gaoptout?hl=de<\/a><\/p>\n<p data-start=\"4859\" data-end=\"4992\">Weitere Informationen \u00fcber Art, Umfang und Zweck der von Google erhobenen Daten finden Sie in der Datenschutzerkl\u00e4rung von Google.<\/p>\n<p data-start=\"4994\" data-end=\"5023\">Einwilligung zur elektronischen Kontaktaufnahme<\/p>\n<p data-start=\"5025\" data-end=\"5187\">Mit Ihrer Zustimmung zu dieser Datenschutzerkl\u00e4rung erteilen Sie uns die Erlaubnis, Sie unter der von Ihnen angegebenen E-Mail-Adresse elektronisch zu kontaktieren, um Sie \u00fcber unsere Aktivit\u00e4ten zu informieren.<\/p>\n<p data-start=\"5189\" data-end=\"5229\">Links zu anderen Websites und sozialen Medien<\/p>\n<p data-start=\"5231\" data-end=\"5558\">a. Diese Website enth\u00e4lt Links zu anderen Websites, die ausschlie\u00dflich Informationszwecken dienen. Diese Websites unterliegen nicht unserer Kontrolle und fallen nicht unter diese Datenschutzerkl\u00e4rung. Wenn Sie einen solchen Link anklicken, kann der Betreiber der verlinkten Website Daten \u00fcber Sie erheben und diese gem\u00e4\u00df seiner eigenen Datenschutzerkl\u00e4rung verwenden, die von unserer abweichen kann.<\/p>\n<p data-start=\"5560\" data-end=\"5645\">b. Diese Website erm\u00f6glicht auch die Interaktion mit verschiedenen sozialen Netzwerken \u00fcber Plugins.<\/p>\n<p data-start=\"5647\" data-end=\"5661\">Dazu geh\u00f6ren:<\/p>\n<p data-start=\"5663\" data-end=\"5769\">\u2022 Facebook, betrieben von Facebook Ireland Ltd., 4 Grand Canal Square, Grand Canal Harbour, Dublin 2, Irland<\/p>\n<p data-start=\"5771\" data-end=\"6141\">Wenn Sie ein Plugin eines dieser sozialen Netzwerke anklicken, wird es aktiviert und eine Verbindung zum Server des jeweiligen Netzwerks hergestellt. Wir haben keinen Einfluss auf die Menge oder den Inhalt der durch das Anklicken des Plugins \u00fcbertragenen Daten. Informationen zu Art, Umfang und Zweck der von diesen Netzwerken erhobenen Daten finden Sie in den jeweiligen Datenschutzrichtlinien.<\/p>\n<p data-start=\"6143\" data-end=\"6154\">Rechte der Benutzer<\/p>\n<p data-start=\"6156\" data-end=\"6457\">Sie haben das Recht, vom Verantwortlichen Auskunft \u00fcber Ihre personenbezogenen Daten zu verlangen, sowie das Recht auf Berichtigung, L\u00f6schung, Einschr\u00e4nkung der Verarbeitung, Widerspruch und Daten\u00fcbertragbarkeit. Sie haben au\u00dferdem das Recht, eine Beschwerde bei der Datenschutzbeh\u00f6rde einzureichen (<a href=\"https:\/\/www.dsb.gv.at\" target=\"_new\" rel=\"noopener\" data-start=\"6434\" data-end=\"6455\">https:\/\/www.dsb.gv.at<\/a>).<\/p>\n<p data-start=\"6459\" data-end=\"6482\">Informationen und Kontakt<\/p>\n<p data-start=\"6484\" data-end=\"6703\">Wenn Sie Informationen \u00fcber die zu Ihrer Person gespeicherten Daten, deren Herkunft, Empf\u00e4nger oder den Zweck der Speicherung w\u00fcnschen oder wenn Sie sonstige Fragen oder Anliegen im Zusammenhang mit dieser Website haben, kontaktieren Sie uns bitte unter der unten stehenden Adresse:<\/p>\n<p data-start=\"6705\" data-end=\"6807\">Hidalgo Sattel<br data-start=\"6719\" data-end=\"6722\" \/>Galvanistrasse 18<br data-start=\"6739\" data-end=\"6742\" \/>4040 Linz<br data-start=\"6751\" data-end=\"6754\" \/><a rel=\"noopener\" data-start=\"6754\" data-end=\"6779\">office@hidalgo-sattel.com<\/a><br data-start=\"6779\" data-end=\"6782\" \/>Anfragen: +4369915334461<\/p>\n<p data-start=\"6809\" data-end=\"6893\">Plattform der EU-Kommission zur Online-Streitbeilegung: <a href=\"http:\/\/www.ec.europa.eu\/consumers\/odr\" target=\"_new\" rel=\"noopener\" data-start=\"6863\" data-end=\"6893\">www.ec.europa.eu\/consumers\/odr<\/a><\/p>\n<p data-start=\"6895\" data-end=\"7769\" data-is-last-node=\"\" data-is-only-node=\"\"><strong>reCAPTCHA<\/strong><br data-start=\"6904\" data-end=\"6907\" \/>Zum Schutz Ihrer Anfragen \u00fcber das Internetformular nutzen wir den reCAPTCHA-Dienst der Google LLC (Google). Die Abfrage pr\u00fcft, ob die Eingabe von einem Menschen oder durch automatisierte, missbr\u00e4uchliche Verarbeitung erfolgt. Dabei werden Ihre IP-Adresse und alle weiteren Daten \u00fcbermittelt, die Google f\u00fcr den reCAPTCHA-Dienst ben\u00f6tigt. Ihre Daten werden an Google \u00fcbermittelt und dort verwendet. Google k\u00fcrzt Ihre IP-Adresse innerhalb der EU oder anderer EWR-Staaten zuvor. Nur in Ausnahmef\u00e4llen wird die vollst\u00e4ndige IP-Adresse an einen Google-Server in den USA \u00fcbertragen und dort gek\u00fcrzt. Google verwendet diese Informationen im Auftrag des Website-Betreibers, um die Nutzung des Dienstes auszuwerten. Die im Rahmen von reCAPTCHA \u00fcbermittelte IP-Adresse wird nicht mit anderen Google-Daten zusammengef\u00fchrt. F\u00fcr diese Daten gelten die gesonderten Datenschutzbestimmungen von Google. Weitere Informationen finden Sie unter: <a href=\"https:\/\/policies.google.com\/privacy?hl=de\" target=\"_new\" rel=\"noopener\" data-start=\"7728\" data-end=\"7769\" data-is-last-node=\"\">https:\/\/policies.google.com\/privacy?hl=de<\/a><\/p>","protected":false},"excerpt":{"rendered":"<p>Home Content and design: Hidalgo Saddle assumes no liability or warranty for any information provided on this website. All texts and graphic designs published on this website are protected by copyright. Any reproduction or publication of the texts and graphic designs made available on this website is not permitted without prior consultation with Hidalgo Saddle. [&hellip;]<\/p>\n","protected":false},"author":1,"featured_media":0,"parent":0,"menu_order":0,"comment_status":"closed","ping_status":"closed","template":"","meta":{"footnotes":""},"class_list":["post-852","page","type-page","status-publish","hentry"],"_links":{"self":[{"href":"https:\/\/www.hidalgo-sattel.at\/de\/wp-json\/wp\/v2\/pages\/852","targetHints":{"allow":["GET"]}}],"collection":[{"href":"https:\/\/www.hidalgo-sattel.at\/de\/wp-json\/wp\/v2\/pages"}],"about":[{"href":"https:\/\/www.hidalgo-sattel.at\/de\/wp-json\/wp\/v2\/types\/page"}],"author":[{"embeddable":true,"href":"https:\/\/www.hidalgo-sattel.at\/de\/wp-json\/wp\/v2\/users\/1"}],"replies":[{"embeddable":true,"href":"https:\/\/www.hidalgo-sattel.at\/de\/wp-json\/wp\/v2\/comments?post=852"}],"version-history":[{"count":25,"href":"https:\/\/www.hidalgo-sattel.at\/de\/wp-json\/wp\/v2\/pages\/852\/revisions"}],"predecessor-version":[{"id":3375,"href":"https:\/\/www.hidalgo-sattel.at\/de\/wp-json\/wp\/v2\/pages\/852\/revisions\/3375"}],"wp:attachment":[{"href":"https:\/\/www.hidalgo-sattel.at\/de\/wp-json\/wp\/v2\/media?parent=852"}],"curies":[{"name":"wp","href":"https:\/\/api.w.org\/{rel}","templated":true}]}}