{"id":3327,"date":"2026-03-17T10:12:52","date_gmt":"2026-03-17T10:12:52","guid":{"rendered":"https:\/\/www.hidalgo-sattel.at\/?page_id=3327"},"modified":"2026-03-18T02:27:40","modified_gmt":"2026-03-18T02:27:40","slug":"online-saddle-check-saddle-fitting","status":"publish","type":"page","link":"https:\/\/www.hidalgo-sattel.at\/de\/online-saddle-check-saddle-fitting\/","title":{"rendered":"Online Sattelkontrolle &amp; Sattelanpassung"},"content":{"rendered":"<style>.elementor-3327 .elementor-element.elementor-element-2fcc66d{--display:flex;--flex-direction:row;--container-widget-width:calc( ( 1 - var( --container-widget-flex-grow ) ) * 100% );--container-widget-height:100%;--container-widget-flex-grow:1;--container-widget-align-self:stretch;--flex-wrap-mobile:wrap;--align-items:stretch;--gap:10px 10px;--row-gap:10px;--column-gap:10px;--overlay-opacity:0.75;--padding-top:180px;--padding-bottom:180px;--padding-left:0px;--padding-right:0px;}.elementor-3327 .elementor-element.elementor-element-2fcc66d:not(.elementor-motion-effects-element-type-background), .elementor-3327 .elementor-element.elementor-element-2fcc66d > .elementor-motion-effects-container > .elementor-motion-effects-layer{background-image:url(\"https:\/\/www.hidalgo-sattel.at\/wp-content\/uploads\/2025\/10\/imgi_49_500505781_1583726975643137_7348812440360175376_n.jpg\");background-position:center center;background-repeat:no-repeat;background-size:cover;}.elementor-3327 .elementor-element.elementor-element-2fcc66d::before, .elementor-3327 .elementor-element.elementor-element-2fcc66d > .elementor-background-video-container::before, .elementor-3327 .elementor-element.elementor-element-2fcc66d > .e-con-inner > .elementor-background-video-container::before, .elementor-3327 .elementor-element.elementor-element-2fcc66d > .elementor-background-slideshow::before, .elementor-3327 .elementor-element.elementor-element-2fcc66d > .e-con-inner > .elementor-background-slideshow::before, .elementor-3327 .elementor-element.elementor-element-2fcc66d > .elementor-motion-effects-container > .elementor-motion-effects-layer::before{--background-overlay:'';background-color:#070400;}.elementor-3327 .elementor-element.elementor-element-04124fb{--display:flex;}.elementor-3327 .elementor-element.elementor-element-8477a69{text-align:start;}.elementor-3327 .elementor-element.elementor-element-8477a69 .elementor-heading-title{font-family:var( --e-global-typography-secondary-font-family ), Sans-serif;font-size:var( --e-global-typography-secondary-font-size );font-weight:var( --e-global-typography-secondary-font-weight );line-height:var( --e-global-typography-secondary-line-height );color:#FFFFFF;}.elementor-3327 .elementor-element.elementor-element-bce26b9 .elementor-icon-list-items:not(.elementor-inline-items) .elementor-icon-list-item:not(:last-child){padding-block-end:calc(6px\/2);}.elementor-3327 .elementor-element.elementor-element-bce26b9 .elementor-icon-list-items:not(.elementor-inline-items) .elementor-icon-list-item:not(:first-child){margin-block-start:calc(6px\/2);}.elementor-3327 .elementor-element.elementor-element-bce26b9 .elementor-icon-list-items.elementor-inline-items .elementor-icon-list-item{margin-inline:calc(6px\/2);}.elementor-3327 .elementor-element.elementor-element-bce26b9 .elementor-icon-list-items.elementor-inline-items{margin-inline:calc(-6px\/2);}.elementor-3327 .elementor-element.elementor-element-bce26b9 .elementor-icon-list-items.elementor-inline-items .elementor-icon-list-item:after{inset-inline-end:calc(-6px\/2);}.elementor-3327 .elementor-element.elementor-element-bce26b9 .elementor-icon-list-icon i{color:var( --e-global-color-secondary );transition:color 0.3s;}.elementor-3327 .elementor-element.elementor-element-bce26b9 .elementor-icon-list-icon svg{fill:var( --e-global-color-secondary );transition:fill 0.3s;}.elementor-3327 .elementor-element.elementor-element-bce26b9{--e-icon-list-icon-size:14px;--e-icon-list-icon-align:left;--e-icon-list-icon-margin:0 calc(var(--e-icon-list-icon-size, 1em) * 0.25) 0 0;}.elementor-3327 .elementor-element.elementor-element-bce26b9 .elementor-icon-list-icon{padding-inline-end:3px;}.elementor-3327 .elementor-element.elementor-element-bce26b9 .elementor-icon-list-item > .elementor-icon-list-text, .elementor-3327 .elementor-element.elementor-element-bce26b9 .elementor-icon-list-item > a{font-family:var( --e-global-typography-text-font-family ), Sans-serif;font-size:var( --e-global-typography-text-font-size );font-weight:var( --e-global-typography-text-font-weight );line-height:var( --e-global-typography-text-line-height );}.elementor-3327 .elementor-element.elementor-element-bce26b9 .elementor-icon-list-text{color:#FFFFFF;transition:color 0.3s;}.elementor-3327 .elementor-element.elementor-element-25040ae{--display:flex;--padding-top:80px;--padding-bottom:80px;--padding-left:0px;--padding-right:0px;}.elementor-3327 .elementor-element.elementor-element-11c8b8d p{margin-block-end:9px;}@media(min-width:1025px){.elementor-3327 .elementor-element.elementor-element-2fcc66d:not(.elementor-motion-effects-element-type-background), .elementor-3327 .elementor-element.elementor-element-2fcc66d > .elementor-motion-effects-container > .elementor-motion-effects-layer{background-attachment:fixed;}}@media(max-width:1024px){.elementor-3327 .elementor-element.elementor-element-2fcc66d{--padding-top:100px;--padding-bottom:120px;--padding-left:20px;--padding-right:20px;}.elementor-3327 .elementor-element.elementor-element-8477a69 .elementor-heading-title{font-size:var( --e-global-typography-secondary-font-size );line-height:var( --e-global-typography-secondary-line-height );}.elementor-3327 .elementor-element.elementor-element-bce26b9 .elementor-icon-list-item > .elementor-icon-list-text, .elementor-3327 .elementor-element.elementor-element-bce26b9 .elementor-icon-list-item > a{font-size:var( --e-global-typography-text-font-size );line-height:var( --e-global-typography-text-line-height );}.elementor-3327 .elementor-element.elementor-element-25040ae{--padding-top:80px;--padding-bottom:80px;--padding-left:20px;--padding-right:20px;}}@media(max-width:767px){.elementor-3327 .elementor-element.elementor-element-2fcc66d{--padding-top:80px;--padding-bottom:80px;--padding-left:20px;--padding-right:20px;}.elementor-3327 .elementor-element.elementor-element-8477a69 .elementor-heading-title{font-size:var( --e-global-typography-secondary-font-size );line-height:var( --e-global-typography-secondary-line-height );}.elementor-3327 .elementor-element.elementor-element-bce26b9 .elementor-icon-list-item > .elementor-icon-list-text, .elementor-3327 .elementor-element.elementor-element-bce26b9 .elementor-icon-list-item > a{font-size:var( --e-global-typography-text-font-size );line-height:var( --e-global-typography-text-line-height );}.elementor-3327 .elementor-element.elementor-element-25040ae{--padding-top:60px;--padding-bottom:60px;--padding-left:20px;--padding-right:20px;}}<\/style>\t\t<div data-elementor-type=\"wp-page\" data-elementor-id=\"3327\" class=\"elementor elementor-3327\" data-elementor-post-type=\"page\">\n\t\t\t\t<div class=\"elementor-element elementor-element-2fcc66d e-flex e-con-boxed e-con e-parent\" data-id=\"2fcc66d\" data-element_type=\"container\" data-e-type=\"container\" data-settings=\"{&quot;background_background&quot;:&quot;classic&quot;}\">\n\t\t\t\t\t<div class=\"e-con-inner\">\n\t\t<div class=\"elementor-element elementor-element-04124fb e-con-full e-flex e-con e-child\" data-id=\"04124fb\" data-element_type=\"container\" data-e-type=\"container\" data-settings=\"{&quot;background_background&quot;:&quot;classic&quot;}\">\n\t\t\t\t<div class=\"elementor-element elementor-element-bce26b9 elementor-icon-list--layout-inline elementor-list-item-link-full_width elementor-widget elementor-widget-icon-list\" data-id=\"bce26b9\" data-element_type=\"widget\" data-e-type=\"widget\" data-widget_type=\"icon-list.default\">\n\t\t\t\t\t\t\t<ul class=\"elementor-icon-list-items elementor-inline-items\">\n\t\t\t\t\t\t\t<li class=\"elementor-icon-list-item elementor-inline-item\">\n\t\t\t\t\t\t\t\t\t\t\t<a href=\"https:\/\/www.hidalgo-sattel.at\/de\">\n\n\t\t\t\t\t\t\t\t\t\t\t<span class=\"elementor-icon-list-text\"><span style=\"color: #EFC664\">Startseite<\/span>\n\t\t\t\t\t\t\t\t\t\t\t<\/a>\n\t\t\t\t\t\t\t\t\t<\/li>\n\t\t\t\t\t\t\t\t<li class=\"elementor-icon-list-item elementor-inline-item\">\n\t\t\t\t\t\t\t\t\t\t\t<span class=\"elementor-icon-list-icon\">\n\t\t\t\t\t\t\t<i aria-hidden=\"true\" class=\"jki jki-right-arrow-3\"><\/i>\t\t\t\t\t\t<\/span>\n\t\t\t\t\t\t\t\t\t\t<span class=\"elementor-icon-list-text\">Online Sattelkontrolle &amp; Sattelanpassung<\/span>\n\t\t\t\t\t\t\t\t\t<\/li>\n\t\t\t\t\t\t<\/ul>\n\t\t\t\t\t\t<\/div>\n\t\t\t\t<\/div>\n\t\t\t\t\t<\/div>\n\t\t\t\t<\/div>\n\t\t<div class=\"elementor-element elementor-element-25040ae e-flex e-con-boxed e-con e-parent\" data-id=\"25040ae\" data-element_type=\"container\" data-e-type=\"container\">\n\t\t\t\t\t<div class=\"e-con-inner\">\n\t\t\t\t<div class=\"elementor-element elementor-element-11c8b8d elementor-widget elementor-widget-text-editor\" data-id=\"11c8b8d\" data-element_type=\"widget\" data-e-type=\"widget\" data-widget_type=\"text-editor.default\">\n\t\t\t\t\t\t\t\t\t<p data-start=\"104\" data-end=\"467\">Wenn sich kein Hidalgo-Partner in Ihrer N\u00e4he befindet oder Sie schnelle Antworten zur Passform Ihres Sattels w\u00fcnschen, k\u00f6nnen Sie diesen Service jederzeit nutzen. Auch wenn keine offensichtlichen Probleme bestehen, empfehlen wir eine j\u00e4hrliche Sattelkontrolle, damit Ihr vierbeiniger Begleiter stets optimalen Halt und Bewegungsfreiheit unter dem Reiter hat.<\/p><p data-start=\"469\" data-end=\"720\">Mithilfe von Fotos und Videos \u00fcber WhatsApp sowie einem pers\u00f6nlichen Gespr\u00e4ch optimieren wir gemeinsam die Passform des Sattels. Da sich der Lederbaum durch die Nutzung nach und nach an den Pferder\u00fccken anpasst, stehen wir Ihnen ohne zus\u00e4tzliche Kosten f\u00fcr Fragen zur Verf\u00fcgung, bis der Sattel perfekt sitzt.<\/p><p data-start=\"722\" data-end=\"822\" class=\"translation-block\">Die Kosten f\u00fcr eine Online-Anpassung betragen 69 \u20ac.\n\nIhre Ansprechpartnerin:\nKerstin Heyn\n(0049) 175 861 45 35\nE-Mail: service@hidalgo-sattel.com<\/p>\t\t\t\t\t\t\t\t<\/div>\n\t\t\t\t\t<\/div>\n\t\t\t\t<\/div>\n\t\t\t\t<\/div>","protected":false},"excerpt":{"rendered":"<p>Home If there is no Hidalgo partner near you or if you need quick answers regarding saddle fit, you can use this service at any time. Even if there are no visible issues, an annual saddle check is recommended to ensure your horse always has optimal support and freedom of movement under the rider. Using [&hellip;]<\/p>\n","protected":false},"author":1,"featured_media":0,"parent":0,"menu_order":0,"comment_status":"closed","ping_status":"closed","template":"elementor_header_footer","meta":{"footnotes":""},"class_list":["post-3327","page","type-page","status-publish","hentry"],"_links":{"self":[{"href":"https:\/\/www.hidalgo-sattel.at\/de\/wp-json\/wp\/v2\/pages\/3327","targetHints":{"allow":["GET"]}}],"collection":[{"href":"https:\/\/www.hidalgo-sattel.at\/de\/wp-json\/wp\/v2\/pages"}],"about":[{"href":"https:\/\/www.hidalgo-sattel.at\/de\/wp-json\/wp\/v2\/types\/page"}],"author":[{"embeddable":true,"href":"https:\/\/www.hidalgo-sattel.at\/de\/wp-json\/wp\/v2\/users\/1"}],"replies":[{"embeddable":true,"href":"https:\/\/www.hidalgo-sattel.at\/de\/wp-json\/wp\/v2\/comments?post=3327"}],"version-history":[{"count":7,"href":"https:\/\/www.hidalgo-sattel.at\/de\/wp-json\/wp\/v2\/pages\/3327\/revisions"}],"predecessor-version":[{"id":3336,"href":"https:\/\/www.hidalgo-sattel.at\/de\/wp-json\/wp\/v2\/pages\/3327\/revisions\/3336"}],"wp:attachment":[{"href":"https:\/\/www.hidalgo-sattel.at\/de\/wp-json\/wp\/v2\/media?parent=3327"}],"curies":[{"name":"wp","href":"https:\/\/api.w.org\/{rel}","templated":true}]}}